{"id":27730,"date":"2022-03-09T15:06:01","date_gmt":"2022-03-09T14:06:01","guid":{"rendered":"https:\/\/galler.de\/home-2\/telechargements\/demande-de-telechargementt\/"},"modified":"2023-11-22T11:55:13","modified_gmt":"2023-11-22T10:55:13","slug":"demande-de-telechargementt","status":"publish","type":"page","link":"https:\/\/galler.de\/fr\/home-2\/telechargements\/demande-de-telechargementt\/","title":{"rendered":"Demande de t\u00e9l\u00e9chargement"},"content":{"rendered":"<\/p>\n\n<style type=\"text\/css\" data-created_by=\"avia_inline_auto\" id=\"style-css-av-l0kvlodm-e124c350d8d34bb6e4b9bb04875f163e\">\n#top .av-special-heading.av-l0kvlodm-e124c350d8d34bb6e4b9bb04875f163e{\nmargin:0 0 24px 0;\npadding-bottom:10px;\n}\nbody .av-special-heading.av-l0kvlodm-e124c350d8d34bb6e4b9bb04875f163e .av-special-heading-tag .heading-char{\nfont-size:25px;\n}\n.av-special-heading.av-l0kvlodm-e124c350d8d34bb6e4b9bb04875f163e .av-subheading{\nfont-size:15px;\n}\n<\/style>\n<div  class='av-special-heading av-l0kvlodm-e124c350d8d34bb6e4b9bb04875f163e av-special-heading-h1 custom-color-heading blockquote modern-quote'><h1 class='av-special-heading-tag '  itemprop=\"headline\"  >Demande de t\u00e9l\u00e9chargement<\/h1><div class=\"special-heading-border\"><div class=\"special-heading-inner-border\"><\/div><\/div><\/div>\n<section  class='av_textblock_section av-l11vusaj-f782bc233dd1d7a645c412c86f158903 '   itemscope=\"itemscope\" itemtype=\"https:\/\/schema.org\/CreativeWork\" ><div class='avia_textblock'  itemprop=\"text\" ><p>Fichiers marqu\u00e9s pour le t\u00e9l\u00e9chargement :<\/p>\n<\/div><\/section>\n\n<style type=\"text\/css\" data-created_by=\"avia_inline_auto\" id=\"style-css-av-l0m8pe0s-5389af6dab04753bb148c73fd6f2f1ba\">\n#top .flex_column.av-l0m8pe0s-5389af6dab04753bb148c73fd6f2f1ba{\nmargin-top:0px;\nmargin-bottom:0px;\n}\n.flex_column.av-l0m8pe0s-5389af6dab04753bb148c73fd6f2f1ba{\nborder-radius:0px 0px 0px 0px;\npadding:0px 0px 0px 0px;\n}\n.responsive #top #wrap_all .flex_column.av-l0m8pe0s-5389af6dab04753bb148c73fd6f2f1ba{\nmargin-top:0px;\nmargin-bottom:0px;\n}\n<\/style>\n<div  class='flex_column av-l0m8pe0s-5389af6dab04753bb148c73fd6f2f1ba av_one_half  EDD-Download-Anfrage first flex_column_div av-zero-column-padding  '     ><section  class='av_textblock_section av-q9isdg-e94d6ab277725d8601637b6e9a780a36 '   itemscope=\"itemscope\" itemtype=\"https:\/\/schema.org\/CreativeWork\" ><div class='avia_textblock'  itemprop=\"text\" ><div id=\"edd_checkout_wrap\"><span class=\"edd_empty_cart\">Pas encore de fichier s\u00e9lectionn\u00e9 pour le t\u00e9l\u00e9chargement<\/span><\/div><!--end #edd_checkout_wrap-->\n<\/div><\/section><\/div>\n","protected":false},"excerpt":{"rendered":"","protected":false},"author":5,"featured_media":0,"parent":27716,"menu_order":0,"comment_status":"closed","ping_status":"closed","template":"","meta":{"footnotes":""},"class_list":["post-27730","page","type-page","status-publish","hentry"],"yoast_head":"<!-- This site is optimized with the Yoast SEO plugin v27.3 - https:\/\/yoast.com\/product\/yoast-seo-wordpress\/ -->\n<title>Demande de t\u00e9l\u00e9chargement - Galler<\/title>\n<meta name=\"robots\" content=\"index, follow, max-snippet:-1, max-image-preview:large, max-video-preview:-1\" \/>\n<link rel=\"canonical\" href=\"https:\/\/galler.de\/fr\/home-2\/telechargements\/demande-de-telechargementt\/\" \/>\n<meta property=\"og:locale\" content=\"fr_FR\" \/>\n<meta property=\"og:type\" content=\"article\" \/>\n<meta property=\"og:title\" content=\"Demande de t\u00e9l\u00e9chargement - Galler\" \/>\n<meta property=\"og:url\" content=\"https:\/\/galler.de\/fr\/home-2\/telechargements\/demande-de-telechargementt\/\" \/>\n<meta property=\"og:site_name\" content=\"Galler\" \/>\n<meta property=\"article:modified_time\" content=\"2023-11-22T10:55:13+00:00\" \/>\n<meta name=\"twitter:card\" content=\"summary_large_image\" \/>\n<meta name=\"twitter:label1\" content=\"Dur\u00e9e de lecture estim\u00e9e\" \/>\n\t<meta name=\"twitter:data1\" content=\"2 minutes\" \/>\n<script type=\"application\/ld+json\" class=\"yoast-schema-graph\">{\"@context\":\"https:\\\/\\\/schema.org\",\"@graph\":[{\"@type\":\"WebPage\",\"@id\":\"https:\\\/\\\/galler.de\\\/fr\\\/home-2\\\/telechargements\\\/demande-de-telechargementt\\\/\",\"url\":\"https:\\\/\\\/galler.de\\\/fr\\\/home-2\\\/telechargements\\\/demande-de-telechargementt\\\/\",\"name\":\"Demande de t\u00e9l\u00e9chargement - Galler\",\"isPartOf\":{\"@id\":\"https:\\\/\\\/galler.de\\\/fr\\\/#website\"},\"datePublished\":\"2022-03-09T14:06:01+00:00\",\"dateModified\":\"2023-11-22T10:55:13+00:00\",\"breadcrumb\":{\"@id\":\"https:\\\/\\\/galler.de\\\/fr\\\/home-2\\\/telechargements\\\/demande-de-telechargementt\\\/#breadcrumb\"},\"inLanguage\":\"fr-FR\",\"potentialAction\":[{\"@type\":\"ReadAction\",\"target\":[\"https:\\\/\\\/galler.de\\\/fr\\\/home-2\\\/telechargements\\\/demande-de-telechargementt\\\/\"]}]},{\"@type\":\"BreadcrumbList\",\"@id\":\"https:\\\/\\\/galler.de\\\/fr\\\/home-2\\\/telechargements\\\/demande-de-telechargementt\\\/#breadcrumb\",\"itemListElement\":[{\"@type\":\"ListItem\",\"position\":1,\"name\":\"Startseite\",\"item\":\"https:\\\/\\\/galler.de\\\/fr\\\/\"},{\"@type\":\"ListItem\",\"position\":2,\"name\":\"Home\",\"item\":\"https:\\\/\\\/galler.de\\\/fr\\\/\"},{\"@type\":\"ListItem\",\"position\":3,\"name\":\"T\u00e9l\u00e9chargements\",\"item\":\"https:\\\/\\\/galler.de\\\/fr\\\/home-2\\\/telechargements\\\/\"},{\"@type\":\"ListItem\",\"position\":4,\"name\":\"Demande de t\u00e9l\u00e9chargement\"}]},{\"@type\":\"WebSite\",\"@id\":\"https:\\\/\\\/galler.de\\\/fr\\\/#website\",\"url\":\"https:\\\/\\\/galler.de\\\/fr\\\/\",\"name\":\"Galler\",\"description\":\"Galler Lager und Regaltechnik\",\"publisher\":{\"@id\":\"https:\\\/\\\/galler.de\\\/fr\\\/#organization\"},\"potentialAction\":[{\"@type\":\"SearchAction\",\"target\":{\"@type\":\"EntryPoint\",\"urlTemplate\":\"https:\\\/\\\/galler.de\\\/fr\\\/?s={search_term_string}\"},\"query-input\":{\"@type\":\"PropertyValueSpecification\",\"valueRequired\":true,\"valueName\":\"search_term_string\"}}],\"inLanguage\":\"fr-FR\"},{\"@type\":\"Organization\",\"@id\":\"https:\\\/\\\/galler.de\\\/fr\\\/#organization\",\"name\":\"Galler\",\"url\":\"https:\\\/\\\/galler.de\\\/fr\\\/\",\"logo\":{\"@type\":\"ImageObject\",\"inLanguage\":\"fr-FR\",\"@id\":\"https:\\\/\\\/galler.de\\\/fr\\\/#\\\/schema\\\/logo\\\/image\\\/\",\"url\":\"https:\\\/\\\/galler.de\\\/wp-content\\\/uploads\\\/2021\\\/07\\\/logo_galler.png\",\"contentUrl\":\"https:\\\/\\\/galler.de\\\/wp-content\\\/uploads\\\/2021\\\/07\\\/logo_galler.png\",\"width\":320,\"height\":77,\"caption\":\"Galler\"},\"image\":{\"@id\":\"https:\\\/\\\/galler.de\\\/fr\\\/#\\\/schema\\\/logo\\\/image\\\/\"},\"sameAs\":[\"https:\\\/\\\/www.linkedin.com\\\/company\\\/galler-lager\\\/\"]}]}<\/script>\n<!-- \/ Yoast SEO plugin. -->","yoast_head_json":{"title":"Demande de t\u00e9l\u00e9chargement - Galler","robots":{"index":"index","follow":"follow","max-snippet":"max-snippet:-1","max-image-preview":"max-image-preview:large","max-video-preview":"max-video-preview:-1"},"canonical":"https:\/\/galler.de\/fr\/home-2\/telechargements\/demande-de-telechargementt\/","og_locale":"fr_FR","og_type":"article","og_title":"Demande de t\u00e9l\u00e9chargement - Galler","og_url":"https:\/\/galler.de\/fr\/home-2\/telechargements\/demande-de-telechargementt\/","og_site_name":"Galler","article_modified_time":"2023-11-22T10:55:13+00:00","twitter_card":"summary_large_image","twitter_misc":{"Dur\u00e9e de lecture estim\u00e9e":"2 minutes"},"schema":{"@context":"https:\/\/schema.org","@graph":[{"@type":"WebPage","@id":"https:\/\/galler.de\/fr\/home-2\/telechargements\/demande-de-telechargementt\/","url":"https:\/\/galler.de\/fr\/home-2\/telechargements\/demande-de-telechargementt\/","name":"Demande de t\u00e9l\u00e9chargement - Galler","isPartOf":{"@id":"https:\/\/galler.de\/fr\/#website"},"datePublished":"2022-03-09T14:06:01+00:00","dateModified":"2023-11-22T10:55:13+00:00","breadcrumb":{"@id":"https:\/\/galler.de\/fr\/home-2\/telechargements\/demande-de-telechargementt\/#breadcrumb"},"inLanguage":"fr-FR","potentialAction":[{"@type":"ReadAction","target":["https:\/\/galler.de\/fr\/home-2\/telechargements\/demande-de-telechargementt\/"]}]},{"@type":"BreadcrumbList","@id":"https:\/\/galler.de\/fr\/home-2\/telechargements\/demande-de-telechargementt\/#breadcrumb","itemListElement":[{"@type":"ListItem","position":1,"name":"Startseite","item":"https:\/\/galler.de\/fr\/"},{"@type":"ListItem","position":2,"name":"Home","item":"https:\/\/galler.de\/fr\/"},{"@type":"ListItem","position":3,"name":"T\u00e9l\u00e9chargements","item":"https:\/\/galler.de\/fr\/home-2\/telechargements\/"},{"@type":"ListItem","position":4,"name":"Demande de t\u00e9l\u00e9chargement"}]},{"@type":"WebSite","@id":"https:\/\/galler.de\/fr\/#website","url":"https:\/\/galler.de\/fr\/","name":"Galler","description":"Galler Lager und Regaltechnik","publisher":{"@id":"https:\/\/galler.de\/fr\/#organization"},"potentialAction":[{"@type":"SearchAction","target":{"@type":"EntryPoint","urlTemplate":"https:\/\/galler.de\/fr\/?s={search_term_string}"},"query-input":{"@type":"PropertyValueSpecification","valueRequired":true,"valueName":"search_term_string"}}],"inLanguage":"fr-FR"},{"@type":"Organization","@id":"https:\/\/galler.de\/fr\/#organization","name":"Galler","url":"https:\/\/galler.de\/fr\/","logo":{"@type":"ImageObject","inLanguage":"fr-FR","@id":"https:\/\/galler.de\/fr\/#\/schema\/logo\/image\/","url":"https:\/\/galler.de\/wp-content\/uploads\/2021\/07\/logo_galler.png","contentUrl":"https:\/\/galler.de\/wp-content\/uploads\/2021\/07\/logo_galler.png","width":320,"height":77,"caption":"Galler"},"image":{"@id":"https:\/\/galler.de\/fr\/#\/schema\/logo\/image\/"},"sameAs":["https:\/\/www.linkedin.com\/company\/galler-lager\/"]}]}},"_links":{"self":[{"href":"https:\/\/galler.de\/fr\/wp-json\/wp\/v2\/pages\/27730","targetHints":{"allow":["GET"]}}],"collection":[{"href":"https:\/\/galler.de\/fr\/wp-json\/wp\/v2\/pages"}],"about":[{"href":"https:\/\/galler.de\/fr\/wp-json\/wp\/v2\/types\/page"}],"author":[{"embeddable":true,"href":"https:\/\/galler.de\/fr\/wp-json\/wp\/v2\/users\/5"}],"replies":[{"embeddable":true,"href":"https:\/\/galler.de\/fr\/wp-json\/wp\/v2\/comments?post=27730"}],"version-history":[{"count":0,"href":"https:\/\/galler.de\/fr\/wp-json\/wp\/v2\/pages\/27730\/revisions"}],"up":[{"embeddable":true,"href":"https:\/\/galler.de\/fr\/wp-json\/wp\/v2\/pages\/27716"}],"wp:attachment":[{"href":"https:\/\/galler.de\/fr\/wp-json\/wp\/v2\/media?parent=27730"}],"curies":[{"name":"wp","href":"https:\/\/api.w.org\/{rel}","templated":true}]}}