{"id":27678,"date":"2021-10-29T16:15:12","date_gmt":"2021-10-29T14:15:12","guid":{"rendered":"https:\/\/galler.de\/home-2\/produits\/systemes-de-stockage-complementaires\/rayonnage-a-tablettes\/composants-accessoires\/"},"modified":"2023-11-17T15:47:32","modified_gmt":"2023-11-17T14:47:32","slug":"composants-accessoires","status":"publish","type":"page","link":"https:\/\/galler.de\/fr\/home-2\/produits\/systemes-de-stockage-complementaires\/rayonnage-a-tablettes\/composants-accessoires\/","title":{"rendered":"Composants, accessoires"},"content":{"rendered":"<section  class='av_textblock_section av-1v5nyr-c67b5f18a6bcc522d97ba344d5d59ad8 '   itemscope=\"itemscope\" itemtype=\"https:\/\/schema.org\/CreativeWork\" ><div class='avia_textblock'  itemprop=\"text\" ><div class=\"breadcrumb breadcrumbs avia-breadcrumbs\"><div class=\"breadcrumb-trail\" ><span class=\"trail-before\"><span class=\"breadcrumb-title\">You are here:<\/span><\/span> <span  itemscope=\"itemscope\" itemtype=\"https:\/\/schema.org\/BreadcrumbList\" ><span  itemscope=\"itemscope\" itemtype=\"https:\/\/schema.org\/ListItem\" itemprop=\"itemListElement\" ><a itemprop=\"url\" href=\"https:\/\/galler.de\/fr\/\" title=\"Galler\" rel=\"home\" class=\"trail-begin\"><span itemprop=\"name\">Home<\/span><\/a><span itemprop=\"position\" class=\"hidden\">1<\/span><\/span><\/span><\/div><\/div>\n<\/div><\/section>\n\n<style type=\"text\/css\" data-created_by=\"avia_inline_auto\" id=\"style-css-av-ksizjzqd-e2798ed3d1d9579bd9085c5267fe5985\">\n#top .av-special-heading.av-ksizjzqd-e2798ed3d1d9579bd9085c5267fe5985{\nmargin:0 0 24px 0;\npadding-bottom:10px;\n}\nbody .av-special-heading.av-ksizjzqd-e2798ed3d1d9579bd9085c5267fe5985 .av-special-heading-tag .heading-char{\nfont-size:25px;\n}\n.av-special-heading.av-ksizjzqd-e2798ed3d1d9579bd9085c5267fe5985 .av-subheading{\nfont-size:15px;\n}\n<\/style>\n<div  class='av-special-heading av-ksizjzqd-e2798ed3d1d9579bd9085c5267fe5985 av-special-heading-h1 blockquote modern-quote'><div class='av-subheading av-subheading_above'><p>Rayonnage \u00e0 tablettes<\/p>\n<\/div><h1 class='av-special-heading-tag '  itemprop=\"headline\"  >Composants, accessoires<\/h1><div class=\"special-heading-border\"><div class=\"special-heading-inner-border\"><\/div><\/div><\/div>\n\n<style type=\"text\/css\" data-created_by=\"avia_inline_auto\" id=\"style-css-av-248ku4-1248117d1d322942db6337f84880a686\">\n.flex_column.av-248ku4-1248117d1d322942db6337f84880a686{\nborder-radius:0px 0px 0px 0px;\npadding:0px 0px 0px 0px;\n}\n<\/style>\n<div  class='flex_column av-248ku4-1248117d1d322942db6337f84880a686 av_two_third first flex_column_div av-zero-column-padding  '     ><style type=\"text\/css\" data-created_by=\"avia_inline_auto\" id=\"style-css-av-kt1d43bd-f0e313b63286b3277a98ed8990e7991f\">\n.avia-image-container.av-kt1d43bd-f0e313b63286b3277a98ed8990e7991f img.avia_image{\nbox-shadow:none;\n}\n.avia-image-container.av-kt1d43bd-f0e313b63286b3277a98ed8990e7991f .av-image-caption-overlay-center{\ncolor:#ffffff;\n}\n<\/style>\n<div  class='avia-image-container av-kt1d43bd-f0e313b63286b3277a98ed8990e7991f av-styling- av-img-linked avia-align-center'   itemprop=\"image\" itemscope=\"itemscope\" itemtype=\"https:\/\/schema.org\/ImageObject\" ><div class=\"avia-image-container-inner\"><div class=\"avia-image-overlay-wrap\"><a href=\"https:\/\/galler.de\/wp-content\/uploads\/2021\/09\/Fachbodenregale-07_Schulte-Seite18_REGALMODULE-BLAU2016.jpg\" data-srcset=\"https:\/\/galler.de\/wp-content\/uploads\/2021\/09\/Fachbodenregale-07_Schulte-Seite18_REGALMODULE-BLAU2016.jpg 1030w, https:\/\/galler.de\/wp-content\/uploads\/2021\/09\/Fachbodenregale-07_Schulte-Seite18_REGALMODULE-BLAU2016-300x169.jpg 300w, https:\/\/galler.de\/wp-content\/uploads\/2021\/09\/Fachbodenregale-07_Schulte-Seite18_REGALMODULE-BLAU2016-768x432.jpg 768w, https:\/\/galler.de\/wp-content\/uploads\/2021\/09\/Fachbodenregale-07_Schulte-Seite18_REGALMODULE-BLAU2016-705x396.jpg 705w\" data-sizes=\"(max-width: 1030px) 100vw, 1030px\" class='avia_image '  aria-label='Composants, accessoires'><img decoding=\"async\" fetchpriority=\"high\" class='wp-image-27565 avia-img-lazy-loading-not-27565 avia_image ' src=\"https:\/\/galler.de\/wp-content\/uploads\/2021\/09\/Fachbodenregale-07_Schulte-Seite18_REGALMODULE-BLAU2016.jpg\" alt='Composants, accessoires' title='Composants, accessoires'  height=\"579\" width=\"1030\"  itemprop=\"thumbnailUrl\" srcset=\"https:\/\/galler.de\/wp-content\/uploads\/2021\/09\/Fachbodenregale-07_Schulte-Seite18_REGALMODULE-BLAU2016.jpg 1030w, https:\/\/galler.de\/wp-content\/uploads\/2021\/09\/Fachbodenregale-07_Schulte-Seite18_REGALMODULE-BLAU2016-300x169.jpg 300w, https:\/\/galler.de\/wp-content\/uploads\/2021\/09\/Fachbodenregale-07_Schulte-Seite18_REGALMODULE-BLAU2016-768x432.jpg 768w, https:\/\/galler.de\/wp-content\/uploads\/2021\/09\/Fachbodenregale-07_Schulte-Seite18_REGALMODULE-BLAU2016-705x396.jpg 705w\" sizes=\"(max-width: 1030px) 100vw, 1030px\" \/><\/a><\/div><\/div><\/div><\/div>\n<style type=\"text\/css\" data-created_by=\"avia_inline_auto\" id=\"style-css-av-31vkik-c6bca61d1d6010cbb6a1d7aad761e894\">\n.flex_column.av-31vkik-c6bca61d1d6010cbb6a1d7aad761e894{\nborder-radius:0px 0px 0px 0px;\npadding:0px 0px 0px 0px;\n}\n<\/style>\n<div  class='flex_column av-31vkik-c6bca61d1d6010cbb6a1d7aad761e894 av_one_third flex_column_div av-zero-column-padding  '     ><section  class='av_textblock_section av-kt2mh4l3-43e69505473f5442e3be5ac73a34be38 '   itemscope=\"itemscope\" itemtype=\"https:\/\/schema.org\/CreativeWork\" ><div class='avia_textblock'  itemprop=\"text\" ><ol>\n<li>Barre de verrouillage pour entrep\u00f4ts de carburants<\/li>\n<li>Casier vrac<\/li>\n<li>Panneaux perfor\u00e9s<\/li>\n<li>T\u00f4les de s\u00e9paration embo\u00eetables<\/li>\n<li>Tablette coulissante<\/li>\n<li>Guidages de s\u00e9paration et guidages lat\u00e9raux<\/li>\n<li>Porte \u00e0 double battant<\/li>\n<li>Bacs \u00e0 bec<\/li>\n<li>Tiroirs<\/li>\n<li>Bac de r\u00e9cup\u00e9ration<\/li>\n<li>Support pour tige filet\u00e9e<\/li>\n<li>Arceau de s\u00e9paration<\/li>\n<\/ol>\n<\/div><\/section><\/div><\/p>\n\n<style type=\"text\/css\" data-created_by=\"avia_inline_auto\" id=\"style-css-av-l3l90tz1-9728afe1679ad8ceaeee0d5231efaa91\">\n#top .hr.hr-invisible.av-l3l90tz1-9728afe1679ad8ceaeee0d5231efaa91{\nheight:20px;\n}\n<\/style>\n<div  class='hr av-l3l90tz1-9728afe1679ad8ceaeee0d5231efaa91 hr-invisible'><span class='hr-inner '><span class=\"hr-inner-style\"><\/span><\/span><\/div>\n<section  class='av_textblock_section av-kt1d50ty-9901f6bef920775c15bfe5e034e07646 '   itemscope=\"itemscope\" itemtype=\"https:\/\/schema.org\/CreativeWork\" ><div class='avia_textblock'  itemprop=\"text\" ><p>Avec GALLER, vous pouvez am\u00e9nager votre rayonnage \u00e0 tablettes gr\u00e2ce \u00e0 une large gamme d\u2019accessoires (ici seulement un extrait) exactement en fonction de vos exigences :<\/p>\n<ul>\n<li>Croisillon pour rayonnage simple<\/li>\n<li>Traverse longitudinale pour rayonnage double<\/li>\n<li>Rayonnage d\u2019angle pour une utilisation optimale de l\u2019ensemble de la surface de l\u2019entrep\u00f4t<\/li>\n<li>Panneau lat\u00e9ral<\/li>\n<li>Panneau de fond<\/li>\n<li>Fond inclin\u00e9<\/li>\n<li>Panier grillag\u00e9<\/li>\n<\/ul>\n<\/div><\/section>\n\n<style type=\"text\/css\" data-created_by=\"avia_inline_auto\" id=\"style-css-av-2tx5z7-162388434b6c769a9dd8b1695f0c0a09\">\n.flex_column.av-2tx5z7-162388434b6c769a9dd8b1695f0c0a09{\nborder-radius:0px 0px 0px 0px;\npadding:0px 0px 0px 0px;\n}\n<\/style>\n<div  class='flex_column av-2tx5z7-162388434b6c769a9dd8b1695f0c0a09 av_one_full  galler-btn-col first flex_column_div av-zero-column-padding  '     ><div  class='avia-button-wrap av-kvqjv016-1a42328b080eae30fce0966ff03cfaed-wrap avia-button-left  galler-btn-large'>\n<style type=\"text\/css\" data-created_by=\"avia_inline_auto\" id=\"style-css-av-kvqjv016-1a42328b080eae30fce0966ff03cfaed\">\n#top #wrap_all .avia-button.av-kvqjv016-1a42328b080eae30fce0966ff03cfaed{\nbackground-color:#0069b4;\nborder-color:#0069b4;\ncolor:#ffffff;\nborder-style:none;\nborder-radius:3px 3px 3px 3px;\nbox-shadow: 0px 0px 10px 0px #bbbbbb;\ntransition:all 0.4s ease-in-out;\n}\n#top #wrap_all .avia-button.av-kvqjv016-1a42328b080eae30fce0966ff03cfaed:hover{\nbackground-color:#004a7f;\ncolor:#ffffff;\ntransition:all 0.4s ease-in-out;\n}\n#top #wrap_all.avia-button.av-kvqjv016-1a42328b080eae30fce0966ff03cfaed:hover .avia_button_background{\nborder-radius:3px 3px 3px 3px;\n}\n#top #wrap_all .avia-button.av-kvqjv016-1a42328b080eae30fce0966ff03cfaed .avia-svg-icon svg:first-child{\nfill:#ffffff;\nstroke:#ffffff;\n}\n#top #wrap_all .avia-button.av-kvqjv016-1a42328b080eae30fce0966ff03cfaed:hover .avia-svg-icon svg:first-child{\nfill:#ffffff;\nstroke:#ffffff;\n}\n<\/style>\n<a href='https:\/\/galler.de\/fr\/home-2\/produits\/systemes-de-stockage-complementaires\/rayonnage-a-tablettes\/'  class='avia-button av-kvqjv016-1a42328b080eae30fce0966ff03cfaed av-link-btn avia-icon_select-yes-left-icon avia-size-large avia-position-left'   aria-label=\"Rayonnage \u00e0 tablettes\"><span class='avia_button_icon avia_button_icon_left avia-iconfont avia-font-entypo-fontello' data-av_icon='\ue832' data-av_iconfont='entypo-fontello' ><\/span><span class='avia_iconbox_title' >Rayonnage \u00e0 tablettes<\/span><\/a><\/div><\/div>\n","protected":false},"excerpt":{"rendered":"","protected":false},"author":5,"featured_media":0,"parent":27560,"menu_order":0,"comment_status":"closed","ping_status":"closed","template":"","meta":{"footnotes":""},"class_list":["post-27678","page","type-page","status-publish","hentry"],"yoast_head":"<!-- This site is optimized with the Yoast SEO plugin v27.3 - https:\/\/yoast.com\/product\/yoast-seo-wordpress\/ -->\n<title>Composants, accessoires - Galler<\/title>\n<meta name=\"robots\" content=\"index, follow, max-snippet:-1, max-image-preview:large, max-video-preview:-1\" \/>\n<link rel=\"canonical\" href=\"https:\/\/galler.de\/fr\/home-2\/produits\/systemes-de-stockage-complementaires\/rayonnage-a-tablettes\/composants-accessoires\/\" \/>\n<meta property=\"og:locale\" content=\"fr_FR\" \/>\n<meta property=\"og:type\" content=\"article\" \/>\n<meta property=\"og:title\" content=\"Composants, accessoires - Galler\" \/>\n<meta property=\"og:url\" content=\"https:\/\/galler.de\/fr\/home-2\/produits\/systemes-de-stockage-complementaires\/rayonnage-a-tablettes\/composants-accessoires\/\" \/>\n<meta property=\"og:site_name\" content=\"Galler\" \/>\n<meta property=\"article:modified_time\" content=\"2023-11-17T14:47:32+00:00\" \/>\n<meta name=\"twitter:card\" content=\"summary_large_image\" \/>\n<meta name=\"twitter:label1\" content=\"Dur\u00e9e de lecture estim\u00e9e\" \/>\n\t<meta name=\"twitter:data1\" content=\"9 minutes\" \/>\n<script type=\"application\/ld+json\" class=\"yoast-schema-graph\">{\"@context\":\"https:\\\/\\\/schema.org\",\"@graph\":[{\"@type\":\"WebPage\",\"@id\":\"https:\\\/\\\/galler.de\\\/fr\\\/home-2\\\/produits\\\/systemes-de-stockage-complementaires\\\/rayonnage-a-tablettes\\\/composants-accessoires\\\/\",\"url\":\"https:\\\/\\\/galler.de\\\/fr\\\/home-2\\\/produits\\\/systemes-de-stockage-complementaires\\\/rayonnage-a-tablettes\\\/composants-accessoires\\\/\",\"name\":\"Composants, accessoires - Galler\",\"isPartOf\":{\"@id\":\"https:\\\/\\\/galler.de\\\/fr\\\/#website\"},\"datePublished\":\"2021-10-29T14:15:12+00:00\",\"dateModified\":\"2023-11-17T14:47:32+00:00\",\"breadcrumb\":{\"@id\":\"https:\\\/\\\/galler.de\\\/fr\\\/home-2\\\/produits\\\/systemes-de-stockage-complementaires\\\/rayonnage-a-tablettes\\\/composants-accessoires\\\/#breadcrumb\"},\"inLanguage\":\"fr-FR\",\"potentialAction\":[{\"@type\":\"ReadAction\",\"target\":[\"https:\\\/\\\/galler.de\\\/fr\\\/home-2\\\/produits\\\/systemes-de-stockage-complementaires\\\/rayonnage-a-tablettes\\\/composants-accessoires\\\/\"]}]},{\"@type\":\"BreadcrumbList\",\"@id\":\"https:\\\/\\\/galler.de\\\/fr\\\/home-2\\\/produits\\\/systemes-de-stockage-complementaires\\\/rayonnage-a-tablettes\\\/composants-accessoires\\\/#breadcrumb\",\"itemListElement\":[{\"@type\":\"ListItem\",\"position\":1,\"name\":\"Startseite\",\"item\":\"https:\\\/\\\/galler.de\\\/fr\\\/\"},{\"@type\":\"ListItem\",\"position\":2,\"name\":\"Home\",\"item\":\"https:\\\/\\\/galler.de\\\/fr\\\/\"},{\"@type\":\"ListItem\",\"position\":3,\"name\":\"Produits\",\"item\":\"https:\\\/\\\/galler.de\\\/fr\\\/home-2\\\/produits\\\/\"},{\"@type\":\"ListItem\",\"position\":4,\"name\":\"Syst\u00e8mes de stockage compl\u00e9mentaires\",\"item\":\"https:\\\/\\\/galler.de\\\/fr\\\/home-2\\\/produits\\\/systemes-de-stockage-complementaires\\\/\"},{\"@type\":\"ListItem\",\"position\":5,\"name\":\"Rayonnage \u00e0 tablettes\",\"item\":\"https:\\\/\\\/galler.de\\\/fr\\\/home\\\/produkte\\\/ergaenzende-lagersysteme\\\/fachbodenregal\\\/\"},{\"@type\":\"ListItem\",\"position\":6,\"name\":\"Composants, accessoires\"}]},{\"@type\":\"WebSite\",\"@id\":\"https:\\\/\\\/galler.de\\\/fr\\\/#website\",\"url\":\"https:\\\/\\\/galler.de\\\/fr\\\/\",\"name\":\"Galler\",\"description\":\"Galler Lager und Regaltechnik\",\"publisher\":{\"@id\":\"https:\\\/\\\/galler.de\\\/fr\\\/#organization\"},\"potentialAction\":[{\"@type\":\"SearchAction\",\"target\":{\"@type\":\"EntryPoint\",\"urlTemplate\":\"https:\\\/\\\/galler.de\\\/fr\\\/?s={search_term_string}\"},\"query-input\":{\"@type\":\"PropertyValueSpecification\",\"valueRequired\":true,\"valueName\":\"search_term_string\"}}],\"inLanguage\":\"fr-FR\"},{\"@type\":\"Organization\",\"@id\":\"https:\\\/\\\/galler.de\\\/fr\\\/#organization\",\"name\":\"Galler\",\"url\":\"https:\\\/\\\/galler.de\\\/fr\\\/\",\"logo\":{\"@type\":\"ImageObject\",\"inLanguage\":\"fr-FR\",\"@id\":\"https:\\\/\\\/galler.de\\\/fr\\\/#\\\/schema\\\/logo\\\/image\\\/\",\"url\":\"https:\\\/\\\/galler.de\\\/wp-content\\\/uploads\\\/2021\\\/07\\\/logo_galler.png\",\"contentUrl\":\"https:\\\/\\\/galler.de\\\/wp-content\\\/uploads\\\/2021\\\/07\\\/logo_galler.png\",\"width\":320,\"height\":77,\"caption\":\"Galler\"},\"image\":{\"@id\":\"https:\\\/\\\/galler.de\\\/fr\\\/#\\\/schema\\\/logo\\\/image\\\/\"},\"sameAs\":[\"https:\\\/\\\/www.linkedin.com\\\/company\\\/galler-lager\\\/\"]}]}<\/script>\n<!-- \/ Yoast SEO plugin. -->","yoast_head_json":{"title":"Composants, accessoires - Galler","robots":{"index":"index","follow":"follow","max-snippet":"max-snippet:-1","max-image-preview":"max-image-preview:large","max-video-preview":"max-video-preview:-1"},"canonical":"https:\/\/galler.de\/fr\/home-2\/produits\/systemes-de-stockage-complementaires\/rayonnage-a-tablettes\/composants-accessoires\/","og_locale":"fr_FR","og_type":"article","og_title":"Composants, accessoires - Galler","og_url":"https:\/\/galler.de\/fr\/home-2\/produits\/systemes-de-stockage-complementaires\/rayonnage-a-tablettes\/composants-accessoires\/","og_site_name":"Galler","article_modified_time":"2023-11-17T14:47:32+00:00","twitter_card":"summary_large_image","twitter_misc":{"Dur\u00e9e de lecture estim\u00e9e":"9 minutes"},"schema":{"@context":"https:\/\/schema.org","@graph":[{"@type":"WebPage","@id":"https:\/\/galler.de\/fr\/home-2\/produits\/systemes-de-stockage-complementaires\/rayonnage-a-tablettes\/composants-accessoires\/","url":"https:\/\/galler.de\/fr\/home-2\/produits\/systemes-de-stockage-complementaires\/rayonnage-a-tablettes\/composants-accessoires\/","name":"Composants, accessoires - Galler","isPartOf":{"@id":"https:\/\/galler.de\/fr\/#website"},"datePublished":"2021-10-29T14:15:12+00:00","dateModified":"2023-11-17T14:47:32+00:00","breadcrumb":{"@id":"https:\/\/galler.de\/fr\/home-2\/produits\/systemes-de-stockage-complementaires\/rayonnage-a-tablettes\/composants-accessoires\/#breadcrumb"},"inLanguage":"fr-FR","potentialAction":[{"@type":"ReadAction","target":["https:\/\/galler.de\/fr\/home-2\/produits\/systemes-de-stockage-complementaires\/rayonnage-a-tablettes\/composants-accessoires\/"]}]},{"@type":"BreadcrumbList","@id":"https:\/\/galler.de\/fr\/home-2\/produits\/systemes-de-stockage-complementaires\/rayonnage-a-tablettes\/composants-accessoires\/#breadcrumb","itemListElement":[{"@type":"ListItem","position":1,"name":"Startseite","item":"https:\/\/galler.de\/fr\/"},{"@type":"ListItem","position":2,"name":"Home","item":"https:\/\/galler.de\/fr\/"},{"@type":"ListItem","position":3,"name":"Produits","item":"https:\/\/galler.de\/fr\/home-2\/produits\/"},{"@type":"ListItem","position":4,"name":"Syst\u00e8mes de stockage compl\u00e9mentaires","item":"https:\/\/galler.de\/fr\/home-2\/produits\/systemes-de-stockage-complementaires\/"},{"@type":"ListItem","position":5,"name":"Rayonnage \u00e0 tablettes","item":"https:\/\/galler.de\/fr\/home\/produkte\/ergaenzende-lagersysteme\/fachbodenregal\/"},{"@type":"ListItem","position":6,"name":"Composants, accessoires"}]},{"@type":"WebSite","@id":"https:\/\/galler.de\/fr\/#website","url":"https:\/\/galler.de\/fr\/","name":"Galler","description":"Galler Lager und Regaltechnik","publisher":{"@id":"https:\/\/galler.de\/fr\/#organization"},"potentialAction":[{"@type":"SearchAction","target":{"@type":"EntryPoint","urlTemplate":"https:\/\/galler.de\/fr\/?s={search_term_string}"},"query-input":{"@type":"PropertyValueSpecification","valueRequired":true,"valueName":"search_term_string"}}],"inLanguage":"fr-FR"},{"@type":"Organization","@id":"https:\/\/galler.de\/fr\/#organization","name":"Galler","url":"https:\/\/galler.de\/fr\/","logo":{"@type":"ImageObject","inLanguage":"fr-FR","@id":"https:\/\/galler.de\/fr\/#\/schema\/logo\/image\/","url":"https:\/\/galler.de\/wp-content\/uploads\/2021\/07\/logo_galler.png","contentUrl":"https:\/\/galler.de\/wp-content\/uploads\/2021\/07\/logo_galler.png","width":320,"height":77,"caption":"Galler"},"image":{"@id":"https:\/\/galler.de\/fr\/#\/schema\/logo\/image\/"},"sameAs":["https:\/\/www.linkedin.com\/company\/galler-lager\/"]}]}},"_links":{"self":[{"href":"https:\/\/galler.de\/fr\/wp-json\/wp\/v2\/pages\/27678","targetHints":{"allow":["GET"]}}],"collection":[{"href":"https:\/\/galler.de\/fr\/wp-json\/wp\/v2\/pages"}],"about":[{"href":"https:\/\/galler.de\/fr\/wp-json\/wp\/v2\/types\/page"}],"author":[{"embeddable":true,"href":"https:\/\/galler.de\/fr\/wp-json\/wp\/v2\/users\/5"}],"replies":[{"embeddable":true,"href":"https:\/\/galler.de\/fr\/wp-json\/wp\/v2\/comments?post=27678"}],"version-history":[{"count":0,"href":"https:\/\/galler.de\/fr\/wp-json\/wp\/v2\/pages\/27678\/revisions"}],"up":[{"embeddable":true,"href":"https:\/\/galler.de\/fr\/wp-json\/wp\/v2\/pages\/27560"}],"wp:attachment":[{"href":"https:\/\/galler.de\/fr\/wp-json\/wp\/v2\/media?parent=27678"}],"curies":[{"name":"wp","href":"https:\/\/api.w.org\/{rel}","templated":true}]}}