{"id":27240,"date":"2022-04-12T11:15:51","date_gmt":"2022-04-12T09:15:51","guid":{"rendered":"https:\/\/galler.de\/home-2\/produits\/systemes-de-stockage-automatiques\/"},"modified":"2023-11-14T14:42:40","modified_gmt":"2023-11-14T13:42:40","slug":"systemes-de-stockage-automatiques","status":"publish","type":"page","link":"https:\/\/galler.de\/fr\/home-2\/produits\/systemes-de-stockage-automatiques\/","title":{"rendered":"Syst\u00e8mes de stockage automatiques"},"content":{"rendered":"<section  class='av_textblock_section av-al1zq-25acee00be200953844775caedb03b19 '   itemscope=\"itemscope\" itemtype=\"https:\/\/schema.org\/CreativeWork\" ><div class='avia_textblock'  itemprop=\"text\" ><div class=\"breadcrumb breadcrumbs avia-breadcrumbs\"><div class=\"breadcrumb-trail\" ><span class=\"trail-before\"><span class=\"breadcrumb-title\">You are here:<\/span><\/span> <span  itemscope=\"itemscope\" itemtype=\"https:\/\/schema.org\/BreadcrumbList\" ><span  itemscope=\"itemscope\" itemtype=\"https:\/\/schema.org\/ListItem\" itemprop=\"itemListElement\" ><a itemprop=\"url\" href=\"https:\/\/galler.de\/fr\/\" title=\"Galler\" rel=\"home\" class=\"trail-begin\"><span itemprop=\"name\">Home<\/span><\/a><span itemprop=\"position\" class=\"hidden\">1<\/span><\/span><\/span><\/div><\/div>\n<\/div><\/section>\n\n<style type=\"text\/css\" data-created_by=\"avia_inline_auto\" id=\"style-css-av-1pu46-608b5f03204ebf7d717aac58b78ce4ac\">\n#top .flex_column.av-1pu46-608b5f03204ebf7d717aac58b78ce4ac{\nmargin-top:0px;\nmargin-bottom:0px;\n}\n.flex_column.av-1pu46-608b5f03204ebf7d717aac58b78ce4ac{\nborder-radius:0px 0px 0px 0px;\npadding:0px 0px 0px 0px;\n}\n.responsive #top #wrap_all .flex_column.av-1pu46-608b5f03204ebf7d717aac58b78ce4ac{\nmargin-top:0px;\nmargin-bottom:0px;\n}\n<\/style>\n<div  class='flex_column av-1pu46-608b5f03204ebf7d717aac58b78ce4ac av_one_full first flex_column_div av-zero-column-padding  '     ><p>\n<style type=\"text\/css\" data-created_by=\"avia_inline_auto\" id=\"style-css-av-ksstalxw-7ea1354013d20aa890d32d0fbba7ae72\">\n#top .av-special-heading.av-ksstalxw-7ea1354013d20aa890d32d0fbba7ae72{\npadding-bottom:10px;\n}\nbody .av-special-heading.av-ksstalxw-7ea1354013d20aa890d32d0fbba7ae72 .av-special-heading-tag .heading-char{\nfont-size:25px;\n}\n.av-special-heading.av-ksstalxw-7ea1354013d20aa890d32d0fbba7ae72 .av-subheading{\nfont-size:15px;\n}\n<\/style>\n<div  class='av-special-heading av-ksstalxw-7ea1354013d20aa890d32d0fbba7ae72 av-special-heading-h1 blockquote modern-quote'><h1 class='av-special-heading-tag '  itemprop=\"headline\"  >Syst\u00e8mes de stockage automatiques<\/h1><div class=\"special-heading-border\"><div class=\"special-heading-inner-border\"><\/div><\/div><\/div><br \/>\n<section  class='av_textblock_section av-l0s01nbi-32e8f1151b1664f8e93f53aa2358e43c '   itemscope=\"itemscope\" itemtype=\"https:\/\/schema.org\/CreativeWork\" ><div class='avia_textblock'  itemprop=\"text\" ><p>Dans le domaine des \u00ab syst\u00e8mes de stockage automatiques \u00bb, GALLER propose des techniques de rayonnage pour les syst\u00e8mes courants utilis\u00e9s dans l\u2019intralogistique. De l\u2019entrep\u00f4t avec transstockeur \/ convoyeur navette, stockage automatique de petites pi\u00e8ces jusqu\u2019au silo de stockage en hauteur, GALLER r\u00e9pond \u00e0 vos exigences sur la base des composants syst\u00e8me du profil\u00e9 OMEGA.<\/p>\n<p>Des clients issus des secteurs les plus divers font confiance \u00e0 nos syst\u00e8mes de rayonnages \u00ab Made in Kulmbach \u00bb, parfois depuis des d\u00e9cennies dans les pays germanophones, en Europe et au-del\u00e0.<\/p>\n<p>Nos conseillers commerciaux exp\u00e9riment\u00e9s sont \u00e0 vos c\u00f4t\u00e9s tout au long du processus, du conseil \u00e0 la r\u00e9alisation en passant par la planification. Profitez de notre savoir-faire et de nos d\u00e9cennies d\u2019exp\u00e9rience.<\/p>\n<\/div><\/section><br \/>\n\n<style type=\"text\/css\" data-created_by=\"avia_inline_auto\" id=\"style-css-av-36562n-11fee4cf3f5632a44c634b7b999c30cf\">\n#top .hr.hr-invisible.av-36562n-11fee4cf3f5632a44c634b7b999c30cf{\nheight:20px;\n}\n<\/style>\n<div  class='hr av-36562n-11fee4cf3f5632a44c634b7b999c30cf hr-invisible'><span class='hr-inner '><span class=\"hr-inner-style\"><\/span><\/span><\/div><\/p><\/div>\n<p><div class='flex_column_table av-4l14orj-562c9fce863b7b7658f4a2ea839b4f44 sc-av_one_third av-equal-height-column-flextable'>\n<style type=\"text\/css\" data-created_by=\"avia_inline_auto\" id=\"style-css-av-4l14orj-562c9fce863b7b7658f4a2ea839b4f44\">\n#top .flex_column_table.av-equal-height-column-flextable.av-4l14orj-562c9fce863b7b7658f4a2ea839b4f44{\nmargin-top:0px;\nmargin-bottom:30px;\n}\n.flex_column.av-4l14orj-562c9fce863b7b7658f4a2ea839b4f44{\nborder-width:1px;\nborder-color:#eeeeee;\nborder-style:none;\nborder-radius:0px 0px 0px 0px;\npadding:0 0 0 0;\n}\n<\/style>\n<div  class='flex_column av-4l14orj-562c9fce863b7b7658f4a2ea839b4f44 av_one_third  galler-teaser-row-small first flex_column_table_cell av-equal-height-column av-align-top av-zero-column-padding avia-link-column av-column-link  '    data-link-column-url=\"https:\/\/galler.de\/home\/produkte\/automatische-lagersysteme\/hochregallager-rbg\/\"   ><a class=\"av-screen-reader-only\" href=https:\/\/galler.de\/home\/produkte\/automatische-lagersysteme\/hochregallager-rbg\/  title=\"Automatische Kleinteilelager\">Link to: Hochregallager-RBG<\/a><p>\n<style type=\"text\/css\" data-created_by=\"avia_inline_auto\" id=\"style-css-av-3t4yzvj-b0d79f9f591510991ac49397549e7765\">\n.avia-image-container.av-3t4yzvj-b0d79f9f591510991ac49397549e7765 img.avia_image{\nbox-shadow:none;\n}\n.avia-image-container.av-3t4yzvj-b0d79f9f591510991ac49397549e7765 .av-image-caption-overlay-center{\ncolor:#ffffff;\n}\n<\/style>\n<div  class='avia-image-container av-3t4yzvj-b0d79f9f591510991ac49397549e7765 av-styling- avia-align-center  img-border-bottom'   itemprop=\"image\" itemscope=\"itemscope\" itemtype=\"https:\/\/schema.org\/ImageObject\" ><div class=\"avia-image-container-inner\"><div class=\"avia-image-overlay-wrap\"><img decoding=\"async\" fetchpriority=\"high\" class='wp-image-32214 avia-img-lazy-loading-not-32214 avia_image ' src=\"https:\/\/galler.de\/wp-content\/uploads\/2022\/04\/Uebersicht_Galler-Kachel-RBG-Farbe_Gelb_Rot.jpg\" alt='' title='Uebersicht_Galler---Kachel-RBG---Farbe_Gelb_Rot'  height=\"563\" width=\"845\"  itemprop=\"thumbnailUrl\" srcset=\"https:\/\/galler.de\/wp-content\/uploads\/2022\/04\/Uebersicht_Galler-Kachel-RBG-Farbe_Gelb_Rot.jpg 845w, https:\/\/galler.de\/wp-content\/uploads\/2022\/04\/Uebersicht_Galler-Kachel-RBG-Farbe_Gelb_Rot-300x200.jpg 300w, https:\/\/galler.de\/wp-content\/uploads\/2022\/04\/Uebersicht_Galler-Kachel-RBG-Farbe_Gelb_Rot-768x512.jpg 768w, https:\/\/galler.de\/wp-content\/uploads\/2022\/04\/Uebersicht_Galler-Kachel-RBG-Farbe_Gelb_Rot-705x470.jpg 705w\" sizes=\"(max-width: 845px) 100vw, 845px\" \/><\/div><\/div><\/div><br \/>\n\n<style type=\"text\/css\" data-created_by=\"avia_inline_auto\" id=\"style-css-av-3hhttzz-304316ed06d2f5de2e98fc695eaa6529\">\n#top .av-special-heading.av-3hhttzz-304316ed06d2f5de2e98fc695eaa6529{\nmargin:0px 0px 0px 0px;\npadding-bottom:10px;\n}\nbody .av-special-heading.av-3hhttzz-304316ed06d2f5de2e98fc695eaa6529 .av-special-heading-tag .heading-char{\nfont-size:25px;\n}\n.av-special-heading.av-3hhttzz-304316ed06d2f5de2e98fc695eaa6529 .av-subheading{\nfont-size:15px;\n}\n<\/style>\n<div  class='av-special-heading av-3hhttzz-304316ed06d2f5de2e98fc695eaa6529 av-special-heading-h3 blockquote modern-quote av-linked-heading'><h3 class='av-special-heading-tag '  itemprop=\"headline\"  ><a class=\"av-heading-link\" href=\"https:\/\/galler.de\/home\/produkte\/automatische-lagersysteme\/hochregallager-rbg\/\" >Rayonnage de grande hauteur avec transstockeur<\/a><\/h3><div class=\"special-heading-border\"><div class=\"special-heading-inner-border\"><\/div><\/div><\/div><\/p><\/div><\/div><!--close column table wrapper. Autoclose: 1 --><div class='flex_column_table av-lm06pkvt-163af0e2bac4c6f1c4fbc448ce8378fd sc-av_one_third av-equal-height-column-flextable'><div class='av-flex-placeholder'><\/div>\n<style type=\"text\/css\" data-created_by=\"avia_inline_auto\" id=\"style-css-av-lm06pkvt-163af0e2bac4c6f1c4fbc448ce8378fd\">\n#top .flex_column_table.av-equal-height-column-flextable.av-lm06pkvt-163af0e2bac4c6f1c4fbc448ce8378fd{\nmargin-top:0px;\nmargin-bottom:30px;\n}\n.flex_column.av-lm06pkvt-163af0e2bac4c6f1c4fbc448ce8378fd{\nborder-width:1px;\nborder-color:#eeeeee;\nborder-style:none;\nborder-radius:0px 0px 0px 0px;\npadding:0 0 0 0;\n}\n<\/style>\n<div  class='flex_column av-lm06pkvt-163af0e2bac4c6f1c4fbc448ce8378fd av_one_third  galler-teaser-row-small flex_column_table_cell av-equal-height-column av-align-top av-zero-column-padding avia-link-column av-column-link  '    data-link-column-url=\"https:\/\/galler.de\/home\/produkte\/automatische-lagersysteme\/hochregallager-mehrebenen-shuttle\/\"   ><a class=\"av-screen-reader-only\" href=https:\/\/galler.de\/home\/produkte\/automatische-lagersysteme\/hochregallager-mehrebenen-shuttle\/  title=\"Automatische Kleinteilelager\">Link to: Hochregallager Mehrebenen-Shuttle<\/a><p>\n<style type=\"text\/css\" data-created_by=\"avia_inline_auto\" id=\"style-css-av-lm06p1c7-b0dbcf0ce4dc4930ba86fd5cf4f633bf\">\n.avia-image-container.av-lm06p1c7-b0dbcf0ce4dc4930ba86fd5cf4f633bf img.avia_image{\nbox-shadow:none;\n}\n.avia-image-container.av-lm06p1c7-b0dbcf0ce4dc4930ba86fd5cf4f633bf .av-image-caption-overlay-center{\ncolor:#ffffff;\n}\n<\/style>\n<div  class='avia-image-container av-lm06p1c7-b0dbcf0ce4dc4930ba86fd5cf4f633bf av-styling- avia-align-center  img-border-bottom'   itemprop=\"image\" itemscope=\"itemscope\" itemtype=\"https:\/\/schema.org\/ImageObject\" ><div class=\"avia-image-container-inner\"><div class=\"avia-image-overlay-wrap\"><img decoding=\"async\" fetchpriority=\"high\" class='wp-image-27241 avia-img-lazy-loading-not-27241 avia_image ' src=\"https:\/\/galler.de\/wp-content\/uploads\/2023\/09\/Uebersicht_Hochregallager-Mehrebenen-Shuttle-2.jpg\" alt='' title='Uebersicht_Hochregallager-Mehrebenen-Shuttle'  height=\"563\" width=\"845\"  itemprop=\"thumbnailUrl\" srcset=\"https:\/\/galler.de\/wp-content\/uploads\/2023\/09\/Uebersicht_Hochregallager-Mehrebenen-Shuttle-2.jpg 845w, https:\/\/galler.de\/wp-content\/uploads\/2023\/09\/Uebersicht_Hochregallager-Mehrebenen-Shuttle-2-300x200.jpg 300w, https:\/\/galler.de\/wp-content\/uploads\/2023\/09\/Uebersicht_Hochregallager-Mehrebenen-Shuttle-2-768x512.jpg 768w, https:\/\/galler.de\/wp-content\/uploads\/2023\/09\/Uebersicht_Hochregallager-Mehrebenen-Shuttle-2-705x470.jpg 705w\" sizes=\"(max-width: 845px) 100vw, 845px\" \/><\/div><\/div><\/div><br \/>\n\n<style type=\"text\/css\" data-created_by=\"avia_inline_auto\" id=\"style-css-av-lm06p7ny-4da7e22403a9832457f2ffed34a8f6c1\">\n#top .av-special-heading.av-lm06p7ny-4da7e22403a9832457f2ffed34a8f6c1{\nmargin:0px 0px 0px 0px;\npadding-bottom:10px;\n}\nbody .av-special-heading.av-lm06p7ny-4da7e22403a9832457f2ffed34a8f6c1 .av-special-heading-tag .heading-char{\nfont-size:25px;\n}\n.av-special-heading.av-lm06p7ny-4da7e22403a9832457f2ffed34a8f6c1 .av-subheading{\nfont-size:15px;\n}\n<\/style>\n<div  class='av-special-heading av-lm06p7ny-4da7e22403a9832457f2ffed34a8f6c1 av-special-heading-h3 blockquote modern-quote'><h3 class='av-special-heading-tag '  itemprop=\"headline\"  >Convoyeur navette \u00e0 plusieurs \u00e9tages pour rayonnage de grande hauteur<\/h3><div class=\"special-heading-border\"><div class=\"special-heading-inner-border\"><\/div><\/div><\/div><\/p><\/div><\/div><!--close column table wrapper. Autoclose: 1 --><\/p>\n<div class='flex_column_table av-1mv6o0v-724648e57074c7da928c34b0581038ac sc-av_one_third av-equal-height-column-flextable'><div class='av-flex-placeholder'><\/div>\n<style type=\"text\/css\" data-created_by=\"avia_inline_auto\" id=\"style-css-av-1mv6o0v-724648e57074c7da928c34b0581038ac\">\n#top .flex_column_table.av-equal-height-column-flextable.av-1mv6o0v-724648e57074c7da928c34b0581038ac{\nmargin-top:0px;\nmargin-bottom:30px;\n}\n.flex_column.av-1mv6o0v-724648e57074c7da928c34b0581038ac{\nborder-width:1px;\nborder-color:#eeeeee;\nborder-style:none;\nborder-radius:0px 0px 0px 0px;\npadding:0 0 0 0;\n}\n<\/style>\n<div  class='flex_column av-1mv6o0v-724648e57074c7da928c34b0581038ac av_one_third  galler-teaser-row-small flex_column_table_cell av-equal-height-column av-align-top av-zero-column-padding avia-link-column av-column-link  '    data-link-column-url=\"https:\/\/galler.de\/home\/produkte\/automatische-lagersysteme\/hochregallager-silo\/\"   ><a class=\"av-screen-reader-only\" href=https:\/\/galler.de\/home\/produkte\/automatische-lagersysteme\/hochregallager-silo\/  title=\"Hochregallager-Silo\">Link to: Hochregallager-Silo<\/a><p>\n<style type=\"text\/css\" data-created_by=\"avia_inline_auto\" id=\"style-css-av-1c2iwbj-7beec44f601fddef90a20a313d0e803e\">\n.avia-image-container.av-1c2iwbj-7beec44f601fddef90a20a313d0e803e img.avia_image{\nbox-shadow:none;\n}\n.avia-image-container.av-1c2iwbj-7beec44f601fddef90a20a313d0e803e .av-image-caption-overlay-center{\ncolor:#ffffff;\n}\n<\/style>\n<div  class='avia-image-container av-1c2iwbj-7beec44f601fddef90a20a313d0e803e av-styling- avia-align-center  img-border-bottom'   itemprop=\"image\" itemscope=\"itemscope\" itemtype=\"https:\/\/schema.org\/ImageObject\" ><div class=\"avia-image-container-inner\"><div class=\"avia-image-overlay-wrap\"><img decoding=\"async\" fetchpriority=\"high\" class='wp-image-32217 avia-img-lazy-loading-not-32217 avia_image ' src=\"https:\/\/galler.de\/wp-content\/uploads\/2022\/04\/Uebersicht_HRS-Planungsbeispiel.jpg\" alt='' title='Uebersicht_HRS---Planungsbeispiel'  height=\"563\" width=\"845\"  itemprop=\"thumbnailUrl\" srcset=\"https:\/\/galler.de\/wp-content\/uploads\/2022\/04\/Uebersicht_HRS-Planungsbeispiel.jpg 845w, https:\/\/galler.de\/wp-content\/uploads\/2022\/04\/Uebersicht_HRS-Planungsbeispiel-300x200.jpg 300w, https:\/\/galler.de\/wp-content\/uploads\/2022\/04\/Uebersicht_HRS-Planungsbeispiel-768x512.jpg 768w, https:\/\/galler.de\/wp-content\/uploads\/2022\/04\/Uebersicht_HRS-Planungsbeispiel-705x470.jpg 705w\" sizes=\"(max-width: 845px) 100vw, 845px\" \/><\/div><\/div><\/div><br \/>\n\n<style type=\"text\/css\" data-created_by=\"avia_inline_auto\" id=\"style-css-av-myqw0v-df816a8564f760c74b96d05664e6306d\">\n#top .av-special-heading.av-myqw0v-df816a8564f760c74b96d05664e6306d{\nmargin:0px 0px 0px 0px;\npadding-bottom:10px;\n}\nbody .av-special-heading.av-myqw0v-df816a8564f760c74b96d05664e6306d .av-special-heading-tag .heading-char{\nfont-size:25px;\n}\n.av-special-heading.av-myqw0v-df816a8564f760c74b96d05664e6306d .av-subheading{\nfont-size:15px;\n}\n<\/style>\n<div  class='av-special-heading av-myqw0v-df816a8564f760c74b96d05664e6306d av-special-heading-h3 blockquote modern-quote'><h3 class='av-special-heading-tag '  itemprop=\"headline\"  >Silo de rayonnages \u00e9lev\u00e9s<\/h3><div class=\"special-heading-border\"><div class=\"special-heading-inner-border\"><\/div><\/div><\/div><\/p><\/div><\/div><!--close column table wrapper. Autoclose: 1 -->\n\n<style type=\"text\/css\" data-created_by=\"avia_inline_auto\" id=\"style-css-av-l167jbhb-b6a645d9e212319e34e6d6e564fad280\">\n#top .hr.hr-invisible.av-l167jbhb-b6a645d9e212319e34e6d6e564fad280{\nheight:50px;\n}\n<\/style>\n<div  class='hr av-l167jbhb-b6a645d9e212319e34e6d6e564fad280 hr-invisible'><span class='hr-inner '><span class=\"hr-inner-style\"><\/span><\/span><\/div>\n","protected":false},"excerpt":{"rendered":"","protected":false},"author":5,"featured_media":0,"parent":27182,"menu_order":4,"comment_status":"closed","ping_status":"closed","template":"","meta":{"footnotes":""},"class_list":["post-27240","page","type-page","status-publish","hentry"],"yoast_head":"<!-- This site is optimized with the Yoast SEO plugin v27.5 - https:\/\/yoast.com\/product\/yoast-seo-wordpress\/ -->\n<title>Syst\u00e8mes de stockage automatiques - Galler<\/title>\n<meta name=\"robots\" content=\"index, follow, max-snippet:-1, max-image-preview:large, max-video-preview:-1\" \/>\n<link rel=\"canonical\" href=\"https:\/\/galler.de\/fr\/home-2\/produits\/systemes-de-stockage-automatiques\/\" \/>\n<meta property=\"og:locale\" content=\"fr_FR\" \/>\n<meta property=\"og:type\" content=\"article\" \/>\n<meta property=\"og:title\" content=\"Syst\u00e8mes de stockage automatiques - Galler\" \/>\n<meta property=\"og:url\" content=\"https:\/\/galler.de\/fr\/home-2\/produits\/systemes-de-stockage-automatiques\/\" \/>\n<meta property=\"og:site_name\" content=\"Galler\" \/>\n<meta property=\"article:modified_time\" content=\"2023-11-14T13:42:40+00:00\" \/>\n<meta name=\"twitter:card\" content=\"summary_large_image\" \/>\n<meta name=\"twitter:label1\" content=\"Dur\u00e9e de lecture estim\u00e9e\" \/>\n\t<meta name=\"twitter:data1\" content=\"17 minutes\" \/>\n<script type=\"application\/ld+json\" class=\"yoast-schema-graph\">{\"@context\":\"https:\\\/\\\/schema.org\",\"@graph\":[{\"@type\":\"WebPage\",\"@id\":\"https:\\\/\\\/galler.de\\\/fr\\\/home-2\\\/produits\\\/systemes-de-stockage-automatiques\\\/\",\"url\":\"https:\\\/\\\/galler.de\\\/fr\\\/home-2\\\/produits\\\/systemes-de-stockage-automatiques\\\/\",\"name\":\"Syst\u00e8mes de stockage automatiques - Galler\",\"isPartOf\":{\"@id\":\"https:\\\/\\\/galler.de\\\/fr\\\/#website\"},\"datePublished\":\"2022-04-12T09:15:51+00:00\",\"dateModified\":\"2023-11-14T13:42:40+00:00\",\"breadcrumb\":{\"@id\":\"https:\\\/\\\/galler.de\\\/fr\\\/home-2\\\/produits\\\/systemes-de-stockage-automatiques\\\/#breadcrumb\"},\"inLanguage\":\"fr-FR\",\"potentialAction\":[{\"@type\":\"ReadAction\",\"target\":[\"https:\\\/\\\/galler.de\\\/fr\\\/home-2\\\/produits\\\/systemes-de-stockage-automatiques\\\/\"]}]},{\"@type\":\"BreadcrumbList\",\"@id\":\"https:\\\/\\\/galler.de\\\/fr\\\/home-2\\\/produits\\\/systemes-de-stockage-automatiques\\\/#breadcrumb\",\"itemListElement\":[{\"@type\":\"ListItem\",\"position\":1,\"name\":\"Startseite\",\"item\":\"https:\\\/\\\/galler.de\\\/fr\\\/\"},{\"@type\":\"ListItem\",\"position\":2,\"name\":\"Home\",\"item\":\"https:\\\/\\\/galler.de\\\/fr\\\/\"},{\"@type\":\"ListItem\",\"position\":3,\"name\":\"Produits\",\"item\":\"https:\\\/\\\/galler.de\\\/fr\\\/home-2\\\/produits\\\/\"},{\"@type\":\"ListItem\",\"position\":4,\"name\":\"Syst\u00e8mes de stockage automatiques\"}]},{\"@type\":\"WebSite\",\"@id\":\"https:\\\/\\\/galler.de\\\/fr\\\/#website\",\"url\":\"https:\\\/\\\/galler.de\\\/fr\\\/\",\"name\":\"Galler\",\"description\":\"Galler Lager und Regaltechnik\",\"publisher\":{\"@id\":\"https:\\\/\\\/galler.de\\\/fr\\\/#organization\"},\"potentialAction\":[{\"@type\":\"SearchAction\",\"target\":{\"@type\":\"EntryPoint\",\"urlTemplate\":\"https:\\\/\\\/galler.de\\\/fr\\\/?s={search_term_string}\"},\"query-input\":{\"@type\":\"PropertyValueSpecification\",\"valueRequired\":true,\"valueName\":\"search_term_string\"}}],\"inLanguage\":\"fr-FR\"},{\"@type\":\"Organization\",\"@id\":\"https:\\\/\\\/galler.de\\\/fr\\\/#organization\",\"name\":\"Galler\",\"url\":\"https:\\\/\\\/galler.de\\\/fr\\\/\",\"logo\":{\"@type\":\"ImageObject\",\"inLanguage\":\"fr-FR\",\"@id\":\"https:\\\/\\\/galler.de\\\/fr\\\/#\\\/schema\\\/logo\\\/image\\\/\",\"url\":\"https:\\\/\\\/galler.de\\\/wp-content\\\/uploads\\\/2021\\\/07\\\/logo_galler.png\",\"contentUrl\":\"https:\\\/\\\/galler.de\\\/wp-content\\\/uploads\\\/2021\\\/07\\\/logo_galler.png\",\"width\":320,\"height\":77,\"caption\":\"Galler\"},\"image\":{\"@id\":\"https:\\\/\\\/galler.de\\\/fr\\\/#\\\/schema\\\/logo\\\/image\\\/\"},\"sameAs\":[\"https:\\\/\\\/www.linkedin.com\\\/company\\\/galler-lager\\\/\"]}]}<\/script>\n<!-- \/ Yoast SEO plugin. -->","yoast_head_json":{"title":"Syst\u00e8mes de stockage automatiques - Galler","robots":{"index":"index","follow":"follow","max-snippet":"max-snippet:-1","max-image-preview":"max-image-preview:large","max-video-preview":"max-video-preview:-1"},"canonical":"https:\/\/galler.de\/fr\/home-2\/produits\/systemes-de-stockage-automatiques\/","og_locale":"fr_FR","og_type":"article","og_title":"Syst\u00e8mes de stockage automatiques - Galler","og_url":"https:\/\/galler.de\/fr\/home-2\/produits\/systemes-de-stockage-automatiques\/","og_site_name":"Galler","article_modified_time":"2023-11-14T13:42:40+00:00","twitter_card":"summary_large_image","twitter_misc":{"Dur\u00e9e de lecture estim\u00e9e":"17 minutes"},"schema":{"@context":"https:\/\/schema.org","@graph":[{"@type":"WebPage","@id":"https:\/\/galler.de\/fr\/home-2\/produits\/systemes-de-stockage-automatiques\/","url":"https:\/\/galler.de\/fr\/home-2\/produits\/systemes-de-stockage-automatiques\/","name":"Syst\u00e8mes de stockage automatiques - Galler","isPartOf":{"@id":"https:\/\/galler.de\/fr\/#website"},"datePublished":"2022-04-12T09:15:51+00:00","dateModified":"2023-11-14T13:42:40+00:00","breadcrumb":{"@id":"https:\/\/galler.de\/fr\/home-2\/produits\/systemes-de-stockage-automatiques\/#breadcrumb"},"inLanguage":"fr-FR","potentialAction":[{"@type":"ReadAction","target":["https:\/\/galler.de\/fr\/home-2\/produits\/systemes-de-stockage-automatiques\/"]}]},{"@type":"BreadcrumbList","@id":"https:\/\/galler.de\/fr\/home-2\/produits\/systemes-de-stockage-automatiques\/#breadcrumb","itemListElement":[{"@type":"ListItem","position":1,"name":"Startseite","item":"https:\/\/galler.de\/fr\/"},{"@type":"ListItem","position":2,"name":"Home","item":"https:\/\/galler.de\/fr\/"},{"@type":"ListItem","position":3,"name":"Produits","item":"https:\/\/galler.de\/fr\/home-2\/produits\/"},{"@type":"ListItem","position":4,"name":"Syst\u00e8mes de stockage automatiques"}]},{"@type":"WebSite","@id":"https:\/\/galler.de\/fr\/#website","url":"https:\/\/galler.de\/fr\/","name":"Galler","description":"Galler Lager und Regaltechnik","publisher":{"@id":"https:\/\/galler.de\/fr\/#organization"},"potentialAction":[{"@type":"SearchAction","target":{"@type":"EntryPoint","urlTemplate":"https:\/\/galler.de\/fr\/?s={search_term_string}"},"query-input":{"@type":"PropertyValueSpecification","valueRequired":true,"valueName":"search_term_string"}}],"inLanguage":"fr-FR"},{"@type":"Organization","@id":"https:\/\/galler.de\/fr\/#organization","name":"Galler","url":"https:\/\/galler.de\/fr\/","logo":{"@type":"ImageObject","inLanguage":"fr-FR","@id":"https:\/\/galler.de\/fr\/#\/schema\/logo\/image\/","url":"https:\/\/galler.de\/wp-content\/uploads\/2021\/07\/logo_galler.png","contentUrl":"https:\/\/galler.de\/wp-content\/uploads\/2021\/07\/logo_galler.png","width":320,"height":77,"caption":"Galler"},"image":{"@id":"https:\/\/galler.de\/fr\/#\/schema\/logo\/image\/"},"sameAs":["https:\/\/www.linkedin.com\/company\/galler-lager\/"]}]}},"_links":{"self":[{"href":"https:\/\/galler.de\/fr\/wp-json\/wp\/v2\/pages\/27240","targetHints":{"allow":["GET"]}}],"collection":[{"href":"https:\/\/galler.de\/fr\/wp-json\/wp\/v2\/pages"}],"about":[{"href":"https:\/\/galler.de\/fr\/wp-json\/wp\/v2\/types\/page"}],"author":[{"embeddable":true,"href":"https:\/\/galler.de\/fr\/wp-json\/wp\/v2\/users\/5"}],"replies":[{"embeddable":true,"href":"https:\/\/galler.de\/fr\/wp-json\/wp\/v2\/comments?post=27240"}],"version-history":[{"count":0,"href":"https:\/\/galler.de\/fr\/wp-json\/wp\/v2\/pages\/27240\/revisions"}],"up":[{"embeddable":true,"href":"https:\/\/galler.de\/fr\/wp-json\/wp\/v2\/pages\/27182"}],"wp:attachment":[{"href":"https:\/\/galler.de\/fr\/wp-json\/wp\/v2\/media?parent=27240"}],"curies":[{"name":"wp","href":"https:\/\/api.w.org\/{rel}","templated":true}]}}