{"id":27222,"date":"2021-07-21T15:51:43","date_gmt":"2021-07-21T13:51:43","guid":{"rendered":"https:\/\/galler.de\/home-2\/produits\/systemes-de-rayonnages-manuels\/"},"modified":"2023-11-14T12:20:53","modified_gmt":"2023-11-14T11:20:53","slug":"systemes-de-rayonnages-manuels","status":"publish","type":"page","link":"https:\/\/galler.de\/fr\/home-2\/produits\/systemes-de-rayonnages-manuels\/","title":{"rendered":"Syst\u00e8mes de rayonnages manuels"},"content":{"rendered":"\n\n<style type=\"text\/css\" data-created_by=\"avia_inline_auto\" id=\"style-css-av-ksstalxw-0e5403736c1d50cdab2ddf9ff06501a2\">\n#top .av-special-heading.av-ksstalxw-0e5403736c1d50cdab2ddf9ff06501a2{\npadding-bottom:10px;\n}\nbody .av-special-heading.av-ksstalxw-0e5403736c1d50cdab2ddf9ff06501a2 .av-special-heading-tag .heading-char{\nfont-size:25px;\n}\n.av-special-heading.av-ksstalxw-0e5403736c1d50cdab2ddf9ff06501a2 .av-subheading{\nfont-size:15px;\n}\n<\/style>\n<div  class='av-special-heading av-ksstalxw-0e5403736c1d50cdab2ddf9ff06501a2 av-special-heading-h1 blockquote modern-quote'><h1 class='av-special-heading-tag '  itemprop=\"headline\"  >Syst\u00e8mes de rayonnages manuels<\/h1><div class=\"special-heading-border\"><div class=\"special-heading-inner-border\"><\/div><\/div><\/div>\n<section  class='av_textblock_section av-l2ir6dgc-08bd02b22b50dd7180d7e6ca67df5095 '   itemscope=\"itemscope\" itemtype=\"https:\/\/schema.org\/CreativeWork\" ><div class='avia_textblock'  itemprop=\"text\" ><p>Les rayonnages \u00e0 palettes GALLER pour commande manuelle sont fabriqu\u00e9s avec des composants de syst\u00e8me \u00e9prouv\u00e9s du profil\u00e9 OMEGA Tous les composants essentiels sont profil\u00e9s lors de leur fabrication \u00e0 Kulmbach, soud\u00e9s et ont re\u00e7u un traitement de surface. <\/p>\n<p>La flexibilit\u00e9 et une construction rationnelle font de ce rayonnage \u00e0 palettes multi-emplacements un \u00e9l\u00e9ment indispensable dans l\u2019intralogistique.<\/p>\n<p>Une meilleure utilisation de l\u2019espace et le stockage d\u2019articles particuli\u00e8rement lourds sont les raisons principales pour l\u2019utilisation d\u2019un rayonnage \u00e0 palettes \u00e0 emplacement unique.<\/p>\n<p>Pour les unit\u00e9s de stockage non empilables avec une faible rotation, le rayonnage \u00e0 palettes \u00e0 accumulation Drive-In est une forme de stockage particuli\u00e8rement peu encombrante.<\/p>\n<p>En version galvanis\u00e9e \u00e0 chaud et si besoin avec un toit et un bardage, ces syst\u00e8mes sont \u00e9galement parfaits comme syst\u00e8me de stockage dans une installation ext\u00e9rieure.<\/p>\n<\/div><\/section>\n\n<style type=\"text\/css\" data-created_by=\"avia_inline_auto\" id=\"style-css-av-145va-8078aca52395879643cdb742fa18d0cd\">\n#top .hr.hr-invisible.av-145va-8078aca52395879643cdb742fa18d0cd{\nheight:20px;\n}\n<\/style>\n<div  class='hr av-145va-8078aca52395879643cdb742fa18d0cd hr-invisible'><span class='hr-inner '><span class=\"hr-inner-style\"><\/span><\/span><\/div>\n<div class='flex_column_table av-krlv9zym-6b941ae4d8be71b65501e3017a7bde5c sc-av_one_third av-equal-height-column-flextable'>\n<style type=\"text\/css\" data-created_by=\"avia_inline_auto\" id=\"style-css-av-krlv9zym-6b941ae4d8be71b65501e3017a7bde5c\">\n#top .flex_column_table.av-equal-height-column-flextable.av-krlv9zym-6b941ae4d8be71b65501e3017a7bde5c{\nmargin-top:0px;\nmargin-bottom:30px;\n}\n.flex_column.av-krlv9zym-6b941ae4d8be71b65501e3017a7bde5c{\nborder-width:1px;\nborder-color:#eeeeee;\nborder-style:solid;\nborder-radius:0px 0px 0px 0px;\npadding:0px 0px 0px 0px;\n}\n<\/style>\n<div  class='flex_column av-krlv9zym-6b941ae4d8be71b65501e3017a7bde5c av_one_third  galler-teaser-row-small first flex_column_table_cell av-equal-height-column av-align-top av-zero-column-padding avia-link-column av-column-link  '    data-link-column-url=\"https:\/\/galler.de\/home\/produkte\/manuelle-regalsysteme\/palettenregale-mehrplatzsystem\/\"   ><a class=\"av-screen-reader-only\" href=https:\/\/galler.de\/home\/produkte\/manuelle-regalsysteme\/palettenregale-mehrplatzsystem\/  title=\"Palettenregale, Mehrplatzsystem\">Link to: Palettenregal, Mehrplatzsystem<\/a><p>\n<style type=\"text\/css\" data-created_by=\"avia_inline_auto\" id=\"style-css-av-11xme-696860c545091590c45c028fc6f9e28b\">\n.avia-image-container.av-11xme-696860c545091590c45c028fc6f9e28b img.avia_image{\nbox-shadow:none;\n}\n.avia-image-container.av-11xme-696860c545091590c45c028fc6f9e28b .av-image-caption-overlay-center{\ncolor:#ffffff;\n}\n<\/style>\n<div  class='avia-image-container av-11xme-696860c545091590c45c028fc6f9e28b av-styling- avia-align-center  img-border-bottom'   itemprop=\"image\" itemscope=\"itemscope\" itemtype=\"https:\/\/schema.org\/ImageObject\" ><div class=\"avia-image-container-inner\"><div class=\"avia-image-overlay-wrap\"><img decoding=\"async\" fetchpriority=\"high\" class='wp-image-32229 avia-img-lazy-loading-not-32229 avia_image ' src=\"https:\/\/galler.de\/wp-content\/uploads\/2022\/04\/Uebersicht_MP-Zubehoeruebersicht.jpg\" alt='Dynamische Lagersysteme' title='Dynamische Lagersysteme'  height=\"563\" width=\"845\"  itemprop=\"thumbnailUrl\" srcset=\"https:\/\/galler.de\/wp-content\/uploads\/2022\/04\/Uebersicht_MP-Zubehoeruebersicht.jpg 845w, https:\/\/galler.de\/wp-content\/uploads\/2022\/04\/Uebersicht_MP-Zubehoeruebersicht-300x200.jpg 300w, https:\/\/galler.de\/wp-content\/uploads\/2022\/04\/Uebersicht_MP-Zubehoeruebersicht-768x512.jpg 768w, https:\/\/galler.de\/wp-content\/uploads\/2022\/04\/Uebersicht_MP-Zubehoeruebersicht-705x470.jpg 705w\" sizes=\"(max-width: 845px) 100vw, 845px\" \/><\/div><\/div><\/div><br \/>\n\n<style type=\"text\/css\" data-created_by=\"avia_inline_auto\" id=\"style-css-av-kvi6lxna-177c5fabd2f2f947a156baa89cafad8c\">\n#top .av-special-heading.av-kvi6lxna-177c5fabd2f2f947a156baa89cafad8c{\nmargin:0px 0px 0px 0px;\npadding-bottom:10px;\n}\nbody .av-special-heading.av-kvi6lxna-177c5fabd2f2f947a156baa89cafad8c .av-special-heading-tag .heading-char{\nfont-size:25px;\n}\n.av-special-heading.av-kvi6lxna-177c5fabd2f2f947a156baa89cafad8c .av-subheading{\nfont-size:15px;\n}\n<\/style>\n<div  class='av-special-heading av-kvi6lxna-177c5fabd2f2f947a156baa89cafad8c av-special-heading-h3 blockquote modern-quote'><h3 class='av-special-heading-tag '  itemprop=\"headline\"  >Rayonnage \u00e0 palettes, syst\u00e8me \u00e0 plusieurs emplacements<\/h3><div class=\"special-heading-border\"><div class=\"special-heading-inner-border\"><\/div><\/div><\/div><\/p><\/div><\/div><!--close column table wrapper. Autoclose: 1 -->\n<div class='flex_column_table av-3gtmq-0234505e4607911d6f7f86b143c09846 sc-av_one_third av-equal-height-column-flextable'><div class='av-flex-placeholder'><\/div>\n<style type=\"text\/css\" data-created_by=\"avia_inline_auto\" id=\"style-css-av-3gtmq-0234505e4607911d6f7f86b143c09846\">\n#top .flex_column_table.av-equal-height-column-flextable.av-3gtmq-0234505e4607911d6f7f86b143c09846{\nmargin-top:0px;\nmargin-bottom:30px;\n}\n.flex_column.av-3gtmq-0234505e4607911d6f7f86b143c09846{\nborder-width:1px;\nborder-color:#eeeeee;\nborder-style:solid;\nborder-radius:0px 0px 0px 0px;\npadding:0px 0px 0px 0px;\n}\n<\/style>\n<div  class='flex_column av-3gtmq-0234505e4607911d6f7f86b143c09846 av_one_third  galler-teaser-row-small flex_column_table_cell av-equal-height-column av-align-top av-zero-column-padding avia-link-column av-column-link  '    data-link-column-url=\"https:\/\/galler.de\/home\/produkte\/manuelle-regalsysteme\/einplatzpalettenregale\/\"   ><a class=\"av-screen-reader-only\" href=https:\/\/galler.de\/home\/produkte\/manuelle-regalsysteme\/einplatzpalettenregale\/  title=\"Palettenregale, Einplatzsystem\">Link to: Palettenregal, Einplatzsystem<\/a><p>\n<style type=\"text\/css\" data-created_by=\"avia_inline_auto\" id=\"style-css-av-krlvfibu-bca1dcde0d5b19b1c423d769038ab211\">\n.avia-image-container.av-krlvfibu-bca1dcde0d5b19b1c423d769038ab211 img.avia_image{\nbox-shadow:none;\n}\n.avia-image-container.av-krlvfibu-bca1dcde0d5b19b1c423d769038ab211 .av-image-caption-overlay-center{\ncolor:#ffffff;\n}\n<\/style>\n<div  class='avia-image-container av-krlvfibu-bca1dcde0d5b19b1c423d769038ab211 av-styling- avia-align-center  img-border-bottom'   itemprop=\"image\" itemscope=\"itemscope\" itemtype=\"https:\/\/schema.org\/ImageObject\" ><div class=\"avia-image-container-inner\"><div class=\"avia-image-overlay-wrap\"><img decoding=\"async\" fetchpriority=\"high\" class='wp-image-32211 avia-img-lazy-loading-not-32211 avia_image ' src=\"https:\/\/galler.de\/wp-content\/uploads\/2022\/04\/Uebersicht_EP-Zubehoeruebersicht.jpg\" alt='Dynamische Lagersysteme' title='Dynamische Lagersysteme'  height=\"563\" width=\"845\"  itemprop=\"thumbnailUrl\" srcset=\"https:\/\/galler.de\/wp-content\/uploads\/2022\/04\/Uebersicht_EP-Zubehoeruebersicht.jpg 845w, https:\/\/galler.de\/wp-content\/uploads\/2022\/04\/Uebersicht_EP-Zubehoeruebersicht-300x200.jpg 300w, https:\/\/galler.de\/wp-content\/uploads\/2022\/04\/Uebersicht_EP-Zubehoeruebersicht-768x512.jpg 768w, https:\/\/galler.de\/wp-content\/uploads\/2022\/04\/Uebersicht_EP-Zubehoeruebersicht-705x470.jpg 705w\" sizes=\"(max-width: 845px) 100vw, 845px\" \/><\/div><\/div><\/div><br \/>\n\n<style type=\"text\/css\" data-created_by=\"avia_inline_auto\" id=\"style-css-av-kt4cxk9c-572d1678adc9bbc1209659f77434cd12\">\n#top .av-special-heading.av-kt4cxk9c-572d1678adc9bbc1209659f77434cd12{\nmargin:0px 0px 0px 0px;\npadding-bottom:10px;\n}\nbody .av-special-heading.av-kt4cxk9c-572d1678adc9bbc1209659f77434cd12 .av-special-heading-tag .heading-char{\nfont-size:25px;\n}\n.av-special-heading.av-kt4cxk9c-572d1678adc9bbc1209659f77434cd12 .av-subheading{\nfont-size:15px;\n}\n<\/style>\n<div  class='av-special-heading av-kt4cxk9c-572d1678adc9bbc1209659f77434cd12 av-special-heading-h3 blockquote modern-quote'><h3 class='av-special-heading-tag '  itemprop=\"headline\"  >Rayonnage \u00e0 palettes, syst\u00e8me \u00e0 emplacement unique <\/h3><div class=\"special-heading-border\"><div class=\"special-heading-inner-border\"><\/div><\/div><\/div><\/p><\/div><\/div><!--close column table wrapper. Autoclose: 1 -->\n<div class='flex_column_table av-2dpdi-0979c23ea1443ae9739bc5a3bedb56e5 sc-av_one_third av-equal-height-column-flextable'><div class='av-flex-placeholder'><\/div>\n<style type=\"text\/css\" data-created_by=\"avia_inline_auto\" id=\"style-css-av-2dpdi-0979c23ea1443ae9739bc5a3bedb56e5\">\n#top .flex_column_table.av-equal-height-column-flextable.av-2dpdi-0979c23ea1443ae9739bc5a3bedb56e5{\nmargin-top:0px;\nmargin-bottom:30px;\n}\n.flex_column.av-2dpdi-0979c23ea1443ae9739bc5a3bedb56e5{\nborder-width:1px;\nborder-color:#eeeeee;\nborder-style:solid;\nborder-radius:0px 0px 0px 0px;\npadding:0px 0px 0px 0px;\n}\n<\/style>\n<div  class='flex_column av-2dpdi-0979c23ea1443ae9739bc5a3bedb56e5 av_one_third  galler-teaser-row-small flex_column_table_cell av-equal-height-column av-align-top av-zero-column-padding avia-link-column av-column-link  '    data-link-column-url=\"https:\/\/galler.de\/home\/produkte\/manuelle-regalsysteme\/palettenregale-einfahr-durchfahrsystem\/\"   ><a class=\"av-screen-reader-only\" href=https:\/\/galler.de\/home\/produkte\/manuelle-regalsysteme\/palettenregale-einfahr-durchfahrsystem\/  title=\"Einfahr-\/Durchfahr Palettenregale\">Link to: Palettenregal, Ein-\/Durchfahrsystem<\/a><p>\n<style type=\"text\/css\" data-created_by=\"avia_inline_auto\" id=\"style-css-av-krlvg0ao-ac427130f06dec93081fcf2f860f72c5\">\n.avia-image-container.av-krlvg0ao-ac427130f06dec93081fcf2f860f72c5 img.avia_image{\nbox-shadow:none;\n}\n.avia-image-container.av-krlvg0ao-ac427130f06dec93081fcf2f860f72c5 .av-image-caption-overlay-center{\ncolor:#ffffff;\n}\n<\/style>\n<div  class='avia-image-container av-krlvg0ao-ac427130f06dec93081fcf2f860f72c5 av-styling- avia-align-center  img-border-bottom'   itemprop=\"image\" itemscope=\"itemscope\" itemtype=\"https:\/\/schema.org\/ImageObject\" ><div class=\"avia-image-container-inner\"><div class=\"avia-image-overlay-wrap\"><img decoding=\"async\" fetchpriority=\"high\" class='wp-image-32208 avia-img-lazy-loading-not-32208 avia_image ' src=\"https:\/\/galler.de\/wp-content\/uploads\/2022\/04\/Uebersicht_EFP-Zubehoeruebersicht.jpg\" alt='Rollenbahnen' title='Rollenbahnen'  height=\"563\" width=\"845\"  itemprop=\"thumbnailUrl\" srcset=\"https:\/\/galler.de\/wp-content\/uploads\/2022\/04\/Uebersicht_EFP-Zubehoeruebersicht.jpg 845w, https:\/\/galler.de\/wp-content\/uploads\/2022\/04\/Uebersicht_EFP-Zubehoeruebersicht-300x200.jpg 300w, https:\/\/galler.de\/wp-content\/uploads\/2022\/04\/Uebersicht_EFP-Zubehoeruebersicht-768x512.jpg 768w, https:\/\/galler.de\/wp-content\/uploads\/2022\/04\/Uebersicht_EFP-Zubehoeruebersicht-705x470.jpg 705w\" sizes=\"(max-width: 845px) 100vw, 845px\" \/><\/div><\/div><\/div><br \/>\n\n<style type=\"text\/css\" data-created_by=\"avia_inline_auto\" id=\"style-css-av-kt4cxuai-0c6860d55158b2e321ebef6e607953f3\">\n#top .av-special-heading.av-kt4cxuai-0c6860d55158b2e321ebef6e607953f3{\nmargin:0px 0px 0px 0px;\npadding-bottom:10px;\n}\nbody .av-special-heading.av-kt4cxuai-0c6860d55158b2e321ebef6e607953f3 .av-special-heading-tag .heading-char{\nfont-size:25px;\n}\n.av-special-heading.av-kt4cxuai-0c6860d55158b2e321ebef6e607953f3 .av-subheading{\nfont-size:15px;\n}\n<\/style>\n<div  class='av-special-heading av-kt4cxuai-0c6860d55158b2e321ebef6e607953f3 av-special-heading-h3 blockquote modern-quote'><h3 class='av-special-heading-tag '  itemprop=\"headline\"  >Rayonnage \u00e0 palettes, syst\u00e8me \u00e0 accumulation Drive In et Drive Through<\/h3><div class=\"special-heading-border\"><div class=\"special-heading-inner-border\"><\/div><\/div><\/div><\/p><\/div><\/div><!--close column table wrapper. Autoclose: 1 -->\n","protected":false},"excerpt":{"rendered":"","protected":false},"author":5,"featured_media":0,"parent":27182,"menu_order":1,"comment_status":"closed","ping_status":"closed","template":"","meta":{"footnotes":""},"class_list":["post-27222","page","type-page","status-publish","hentry"],"yoast_head":"<!-- This site is optimized with the Yoast SEO plugin v27.3 - https:\/\/yoast.com\/product\/yoast-seo-wordpress\/ -->\n<title>Syst\u00e8mes de rayonnages manuels - Galler<\/title>\n<meta name=\"robots\" content=\"index, follow, max-snippet:-1, max-image-preview:large, max-video-preview:-1\" \/>\n<link rel=\"canonical\" href=\"https:\/\/galler.de\/fr\/home-2\/produits\/systemes-de-rayonnages-manuels\/\" \/>\n<meta property=\"og:locale\" content=\"fr_FR\" \/>\n<meta property=\"og:type\" content=\"article\" \/>\n<meta property=\"og:title\" content=\"Syst\u00e8mes de rayonnages manuels - Galler\" \/>\n<meta property=\"og:url\" content=\"https:\/\/galler.de\/fr\/home-2\/produits\/systemes-de-rayonnages-manuels\/\" \/>\n<meta property=\"og:site_name\" content=\"Galler\" \/>\n<meta property=\"article:modified_time\" content=\"2023-11-14T11:20:53+00:00\" \/>\n<meta name=\"twitter:card\" content=\"summary_large_image\" \/>\n<meta name=\"twitter:label1\" content=\"Dur\u00e9e de lecture estim\u00e9e\" \/>\n\t<meta name=\"twitter:data1\" content=\"8 minutes\" \/>\n<script type=\"application\/ld+json\" class=\"yoast-schema-graph\">{\"@context\":\"https:\\\/\\\/schema.org\",\"@graph\":[{\"@type\":\"WebPage\",\"@id\":\"https:\\\/\\\/galler.de\\\/fr\\\/home-2\\\/produits\\\/systemes-de-rayonnages-manuels\\\/\",\"url\":\"https:\\\/\\\/galler.de\\\/fr\\\/home-2\\\/produits\\\/systemes-de-rayonnages-manuels\\\/\",\"name\":\"Syst\u00e8mes de rayonnages manuels - Galler\",\"isPartOf\":{\"@id\":\"https:\\\/\\\/galler.de\\\/fr\\\/#website\"},\"datePublished\":\"2021-07-21T13:51:43+00:00\",\"dateModified\":\"2023-11-14T11:20:53+00:00\",\"breadcrumb\":{\"@id\":\"https:\\\/\\\/galler.de\\\/fr\\\/home-2\\\/produits\\\/systemes-de-rayonnages-manuels\\\/#breadcrumb\"},\"inLanguage\":\"fr-FR\",\"potentialAction\":[{\"@type\":\"ReadAction\",\"target\":[\"https:\\\/\\\/galler.de\\\/fr\\\/home-2\\\/produits\\\/systemes-de-rayonnages-manuels\\\/\"]}]},{\"@type\":\"BreadcrumbList\",\"@id\":\"https:\\\/\\\/galler.de\\\/fr\\\/home-2\\\/produits\\\/systemes-de-rayonnages-manuels\\\/#breadcrumb\",\"itemListElement\":[{\"@type\":\"ListItem\",\"position\":1,\"name\":\"Startseite\",\"item\":\"https:\\\/\\\/galler.de\\\/fr\\\/\"},{\"@type\":\"ListItem\",\"position\":2,\"name\":\"Home\",\"item\":\"https:\\\/\\\/galler.de\\\/fr\\\/\"},{\"@type\":\"ListItem\",\"position\":3,\"name\":\"Produits\",\"item\":\"https:\\\/\\\/galler.de\\\/fr\\\/home-2\\\/produits\\\/\"},{\"@type\":\"ListItem\",\"position\":4,\"name\":\"Syst\u00e8mes de rayonnages manuels\"}]},{\"@type\":\"WebSite\",\"@id\":\"https:\\\/\\\/galler.de\\\/fr\\\/#website\",\"url\":\"https:\\\/\\\/galler.de\\\/fr\\\/\",\"name\":\"Galler\",\"description\":\"Galler Lager und Regaltechnik\",\"publisher\":{\"@id\":\"https:\\\/\\\/galler.de\\\/fr\\\/#organization\"},\"potentialAction\":[{\"@type\":\"SearchAction\",\"target\":{\"@type\":\"EntryPoint\",\"urlTemplate\":\"https:\\\/\\\/galler.de\\\/fr\\\/?s={search_term_string}\"},\"query-input\":{\"@type\":\"PropertyValueSpecification\",\"valueRequired\":true,\"valueName\":\"search_term_string\"}}],\"inLanguage\":\"fr-FR\"},{\"@type\":\"Organization\",\"@id\":\"https:\\\/\\\/galler.de\\\/fr\\\/#organization\",\"name\":\"Galler\",\"url\":\"https:\\\/\\\/galler.de\\\/fr\\\/\",\"logo\":{\"@type\":\"ImageObject\",\"inLanguage\":\"fr-FR\",\"@id\":\"https:\\\/\\\/galler.de\\\/fr\\\/#\\\/schema\\\/logo\\\/image\\\/\",\"url\":\"https:\\\/\\\/galler.de\\\/wp-content\\\/uploads\\\/2021\\\/07\\\/logo_galler.png\",\"contentUrl\":\"https:\\\/\\\/galler.de\\\/wp-content\\\/uploads\\\/2021\\\/07\\\/logo_galler.png\",\"width\":320,\"height\":77,\"caption\":\"Galler\"},\"image\":{\"@id\":\"https:\\\/\\\/galler.de\\\/fr\\\/#\\\/schema\\\/logo\\\/image\\\/\"},\"sameAs\":[\"https:\\\/\\\/www.linkedin.com\\\/company\\\/galler-lager\\\/\"]}]}<\/script>\n<!-- \/ Yoast SEO plugin. -->","yoast_head_json":{"title":"Syst\u00e8mes de rayonnages manuels - Galler","robots":{"index":"index","follow":"follow","max-snippet":"max-snippet:-1","max-image-preview":"max-image-preview:large","max-video-preview":"max-video-preview:-1"},"canonical":"https:\/\/galler.de\/fr\/home-2\/produits\/systemes-de-rayonnages-manuels\/","og_locale":"fr_FR","og_type":"article","og_title":"Syst\u00e8mes de rayonnages manuels - Galler","og_url":"https:\/\/galler.de\/fr\/home-2\/produits\/systemes-de-rayonnages-manuels\/","og_site_name":"Galler","article_modified_time":"2023-11-14T11:20:53+00:00","twitter_card":"summary_large_image","twitter_misc":{"Dur\u00e9e de lecture estim\u00e9e":"8 minutes"},"schema":{"@context":"https:\/\/schema.org","@graph":[{"@type":"WebPage","@id":"https:\/\/galler.de\/fr\/home-2\/produits\/systemes-de-rayonnages-manuels\/","url":"https:\/\/galler.de\/fr\/home-2\/produits\/systemes-de-rayonnages-manuels\/","name":"Syst\u00e8mes de rayonnages manuels - Galler","isPartOf":{"@id":"https:\/\/galler.de\/fr\/#website"},"datePublished":"2021-07-21T13:51:43+00:00","dateModified":"2023-11-14T11:20:53+00:00","breadcrumb":{"@id":"https:\/\/galler.de\/fr\/home-2\/produits\/systemes-de-rayonnages-manuels\/#breadcrumb"},"inLanguage":"fr-FR","potentialAction":[{"@type":"ReadAction","target":["https:\/\/galler.de\/fr\/home-2\/produits\/systemes-de-rayonnages-manuels\/"]}]},{"@type":"BreadcrumbList","@id":"https:\/\/galler.de\/fr\/home-2\/produits\/systemes-de-rayonnages-manuels\/#breadcrumb","itemListElement":[{"@type":"ListItem","position":1,"name":"Startseite","item":"https:\/\/galler.de\/fr\/"},{"@type":"ListItem","position":2,"name":"Home","item":"https:\/\/galler.de\/fr\/"},{"@type":"ListItem","position":3,"name":"Produits","item":"https:\/\/galler.de\/fr\/home-2\/produits\/"},{"@type":"ListItem","position":4,"name":"Syst\u00e8mes de rayonnages manuels"}]},{"@type":"WebSite","@id":"https:\/\/galler.de\/fr\/#website","url":"https:\/\/galler.de\/fr\/","name":"Galler","description":"Galler Lager und Regaltechnik","publisher":{"@id":"https:\/\/galler.de\/fr\/#organization"},"potentialAction":[{"@type":"SearchAction","target":{"@type":"EntryPoint","urlTemplate":"https:\/\/galler.de\/fr\/?s={search_term_string}"},"query-input":{"@type":"PropertyValueSpecification","valueRequired":true,"valueName":"search_term_string"}}],"inLanguage":"fr-FR"},{"@type":"Organization","@id":"https:\/\/galler.de\/fr\/#organization","name":"Galler","url":"https:\/\/galler.de\/fr\/","logo":{"@type":"ImageObject","inLanguage":"fr-FR","@id":"https:\/\/galler.de\/fr\/#\/schema\/logo\/image\/","url":"https:\/\/galler.de\/wp-content\/uploads\/2021\/07\/logo_galler.png","contentUrl":"https:\/\/galler.de\/wp-content\/uploads\/2021\/07\/logo_galler.png","width":320,"height":77,"caption":"Galler"},"image":{"@id":"https:\/\/galler.de\/fr\/#\/schema\/logo\/image\/"},"sameAs":["https:\/\/www.linkedin.com\/company\/galler-lager\/"]}]}},"_links":{"self":[{"href":"https:\/\/galler.de\/fr\/wp-json\/wp\/v2\/pages\/27222","targetHints":{"allow":["GET"]}}],"collection":[{"href":"https:\/\/galler.de\/fr\/wp-json\/wp\/v2\/pages"}],"about":[{"href":"https:\/\/galler.de\/fr\/wp-json\/wp\/v2\/types\/page"}],"author":[{"embeddable":true,"href":"https:\/\/galler.de\/fr\/wp-json\/wp\/v2\/users\/5"}],"replies":[{"embeddable":true,"href":"https:\/\/galler.de\/fr\/wp-json\/wp\/v2\/comments?post=27222"}],"version-history":[{"count":0,"href":"https:\/\/galler.de\/fr\/wp-json\/wp\/v2\/pages\/27222\/revisions"}],"up":[{"embeddable":true,"href":"https:\/\/galler.de\/fr\/wp-json\/wp\/v2\/pages\/27182"}],"wp:attachment":[{"href":"https:\/\/galler.de\/fr\/wp-json\/wp\/v2\/media?parent=27222"}],"curies":[{"name":"wp","href":"https:\/\/api.w.org\/{rel}","templated":true}]}}