{"id":24472,"date":"2021-10-29T10:32:31","date_gmt":"2021-10-29T08:32:31","guid":{"rendered":"http:\/\/www.582060525957.hostingkunde.de\/home\/products\/supplementary-storage-systems\/mezzanine-floor\/parts-accessories-standard-components\/"},"modified":"2022-05-25T10:00:04","modified_gmt":"2022-05-25T08:00:04","slug":"parts-accessories-standard-components","status":"publish","type":"page","link":"https:\/\/galler.de\/en\/home\/products\/supplementary-storage-systems\/mezzanine-floor\/parts-accessories-standard-components\/","title":{"rendered":"Parts, accessories, standard components"},"content":{"rendered":"<\/p>\n<section  class='av_textblock_section av-2d2lgv-0f5ea0a09faf42327e5d17010a2477b2 '   itemscope=\"itemscope\" itemtype=\"https:\/\/schema.org\/CreativeWork\" ><div class='avia_textblock'  itemprop=\"text\" ><div class=\"breadcrumb breadcrumbs avia-breadcrumbs\"><div class=\"breadcrumb-trail\" ><span class=\"trail-before\"><span class=\"breadcrumb-title\">You are here:<\/span><\/span> <span  itemscope=\"itemscope\" itemtype=\"https:\/\/schema.org\/BreadcrumbList\" ><span  itemscope=\"itemscope\" itemtype=\"https:\/\/schema.org\/ListItem\" itemprop=\"itemListElement\" ><a itemprop=\"url\" href=\"https:\/\/galler.de\/en\/\" title=\"Galler\" rel=\"home\" class=\"trail-begin\"><span itemprop=\"name\">Home<\/span><\/a><span itemprop=\"position\" class=\"hidden\">1<\/span><\/span><\/span><\/div><\/div>\n<\/div><\/section>\n\n<style type=\"text\/css\" data-created_by=\"avia_inline_auto\" id=\"style-css-av-ksizm7bd-27145f1c5ef3311cf174025c795adce1\">\n#top .av-special-heading.av-ksizm7bd-27145f1c5ef3311cf174025c795adce1{\nmargin:0 0 24px 0;\npadding-bottom:10px;\n}\nbody .av-special-heading.av-ksizm7bd-27145f1c5ef3311cf174025c795adce1 .av-special-heading-tag .heading-char{\nfont-size:25px;\n}\n.av-special-heading.av-ksizm7bd-27145f1c5ef3311cf174025c795adce1 .av-subheading{\nfont-size:15px;\n}\n<\/style>\n<div  class='av-special-heading av-ksizm7bd-27145f1c5ef3311cf174025c795adce1 av-special-heading-h1 blockquote modern-quote'><div class='av-subheading av-subheading_above'><p>Mezzanine floor<\/p>\n<\/div><h1 class='av-special-heading-tag '  itemprop=\"headline\"  >Parts, accessories, standard components<\/h1><div class=\"special-heading-border\"><div class=\"special-heading-inner-border\"><\/div><\/div><\/div>\n\n<style type=\"text\/css\" data-created_by=\"avia_inline_auto\" id=\"style-css-av-11ndyma-684b24adecf20162458cd50cf1e4a93d\">\n.flex_column.av-11ndyma-684b24adecf20162458cd50cf1e4a93d{\nborder-radius:0px 0px 0px 0px;\npadding:0px 0px 0px 0px;\n}\n<\/style>\n<div  class='flex_column av-11ndyma-684b24adecf20162458cd50cf1e4a93d av_one_full first flex_column_div av-zero-column-padding  '     ><p>\n<style type=\"text\/css\" data-created_by=\"avia_inline_auto\" id=\"style-css-av-ktcz343y-f85db92a980c35439db3d3699e3bd4b8\">\n.avia-image-container.av-ktcz343y-f85db92a980c35439db3d3699e3bd4b8 img.avia_image{\nbox-shadow:none;\n}\n.avia-image-container.av-ktcz343y-f85db92a980c35439db3d3699e3bd4b8 .av-image-caption-overlay-center{\ncolor:#ffffff;\n}\n<\/style>\n<div  class='avia-image-container av-ktcz343y-f85db92a980c35439db3d3699e3bd4b8 av-styling- av-img-linked avia-align-center'   itemprop=\"image\" itemscope=\"itemscope\" itemtype=\"https:\/\/schema.org\/ImageObject\" ><div class=\"avia-image-container-inner\"><div class=\"avia-image-overlay-wrap\"><a href=\"https:\/\/galler.de\/wp-content\/uploads\/2021\/11\/Produkte-Lagerbuehnen-Standard_Leichtbaubuehne-mit-Treppe-gespiegelt-1.jpg\" data-srcset=\"https:\/\/galler.de\/wp-content\/uploads\/2021\/11\/Produkte-Lagerbuehnen-Standard_Leichtbaubuehne-mit-Treppe-gespiegelt-1.jpg 1074w, https:\/\/galler.de\/wp-content\/uploads\/2021\/11\/Produkte-Lagerbuehnen-Standard_Leichtbaubuehne-mit-Treppe-gespiegelt-1-300x194.jpg 300w, https:\/\/galler.de\/wp-content\/uploads\/2021\/11\/Produkte-Lagerbuehnen-Standard_Leichtbaubuehne-mit-Treppe-gespiegelt-1-768x497.jpg 768w, https:\/\/galler.de\/wp-content\/uploads\/2021\/11\/Produkte-Lagerbuehnen-Standard_Leichtbaubuehne-mit-Treppe-gespiegelt-1-705x456.jpg 705w\" data-sizes=\"(max-width: 1074px) 100vw, 1074px\" class='avia_image '  aria-label='Leichtbaub\u00fchne mit seitlichem Treppenaufgang'><img decoding=\"async\" fetchpriority=\"high\" class='wp-image-20708 avia-img-lazy-loading-not-20708 avia_image ' src=\"https:\/\/galler.de\/wp-content\/uploads\/2021\/11\/Produkte-Lagerbuehnen-Standard_Leichtbaubuehne-mit-Treppe-gespiegelt-1.jpg\" alt='Leichtbaub\u00fchne mit seitlichem Treppenaufgang' title='Leichtbaub\u00fchne mit seitlichem Treppenaufgang'  height=\"695\" width=\"1074\"  itemprop=\"thumbnailUrl\" srcset=\"https:\/\/galler.de\/wp-content\/uploads\/2021\/11\/Produkte-Lagerbuehnen-Standard_Leichtbaubuehne-mit-Treppe-gespiegelt-1.jpg 1074w, https:\/\/galler.de\/wp-content\/uploads\/2021\/11\/Produkte-Lagerbuehnen-Standard_Leichtbaubuehne-mit-Treppe-gespiegelt-1-300x194.jpg 300w, https:\/\/galler.de\/wp-content\/uploads\/2021\/11\/Produkte-Lagerbuehnen-Standard_Leichtbaubuehne-mit-Treppe-gespiegelt-1-768x497.jpg 768w, https:\/\/galler.de\/wp-content\/uploads\/2021\/11\/Produkte-Lagerbuehnen-Standard_Leichtbaubuehne-mit-Treppe-gespiegelt-1-705x456.jpg 705w\" sizes=\"(max-width: 1074px) 100vw, 1074px\" \/><\/a><\/div><\/div><\/div><br \/>\n\n<style type=\"text\/css\" data-created_by=\"avia_inline_auto\" id=\"style-css-av-kte42fjp-a31ff2de1332535086ae0ecd4d9b3f46\">\n#top .av_textblock_section.av-kte42fjp-a31ff2de1332535086ae0ecd4d9b3f46 .avia_textblock{\nfont-size:14px;\n}\n<\/style>\n<section  class='av_textblock_section av-kte42fjp-a31ff2de1332535086ae0ecd4d9b3f46 '   itemscope=\"itemscope\" itemtype=\"https:\/\/schema.org\/CreativeWork\" ><div class='avia_textblock'  itemprop=\"text\" ><p>Lightweight platform with side stairway<\/p>\n<\/div><\/section><\/p><\/div>\n\n<style type=\"text\/css\" data-created_by=\"avia_inline_auto\" id=\"style-css-av-xm8wrm-6bdb2c3133bea8501730c8be93de923a\">\n#top .hr.hr-invisible.av-xm8wrm-6bdb2c3133bea8501730c8be93de923a{\nheight:50px;\n}\n<\/style>\n<div  class='hr av-xm8wrm-6bdb2c3133bea8501730c8be93de923a hr-invisible'><span class='hr-inner '><span class=\"hr-inner-style\"><\/span><\/span><\/div>\n\n<style type=\"text\/css\" data-created_by=\"avia_inline_auto\" id=\"style-css-av-stxmv6-2e2c948b9fe753494807c4c687679126\">\n.flex_column.av-stxmv6-2e2c948b9fe753494807c4c687679126{\nborder-radius:0px 0px 0px 0px;\npadding:0px 0px 0px 0px;\n}\n<\/style>\n<div  class='flex_column av-stxmv6-2e2c948b9fe753494807c4c687679126 av_one_third first flex_column_div av-zero-column-padding  '     ><p>\n<style type=\"text\/css\" data-created_by=\"avia_inline_auto\" id=\"style-css-av-kte4laga-d62776142ed0012679b7c8d871f7e700\">\n.avia-image-container.av-kte4laga-d62776142ed0012679b7c8d871f7e700 img.avia_image{\nbox-shadow:none;\n}\n.avia-image-container.av-kte4laga-d62776142ed0012679b7c8d871f7e700 .av-image-caption-overlay-center{\ncolor:#ffffff;\n}\n<\/style>\n<div  class='avia-image-container av-kte4laga-d62776142ed0012679b7c8d871f7e700 av-styling- av-img-linked avia-align-center'   itemprop=\"image\" itemscope=\"itemscope\" itemtype=\"https:\/\/schema.org\/ImageObject\" ><div class=\"avia-image-container-inner\"><div class=\"avia-image-overlay-wrap\"><a href=\"https:\/\/galler.de\/wp-content\/uploads\/2021\/09\/lagerbuehnen-04-1-732x1030.jpg\" data-srcset=\"https:\/\/galler.de\/wp-content\/uploads\/2021\/09\/lagerbuehnen-04-1-732x1030.jpg 732w, https:\/\/galler.de\/wp-content\/uploads\/2021\/09\/lagerbuehnen-04-1-213x300.jpg 213w, https:\/\/galler.de\/wp-content\/uploads\/2021\/09\/lagerbuehnen-04-1-768x1081.jpg 768w, https:\/\/galler.de\/wp-content\/uploads\/2021\/09\/lagerbuehnen-04-1-501x705.jpg 501w, https:\/\/galler.de\/wp-content\/uploads\/2021\/09\/lagerbuehnen-04-1.jpg 845w\" data-sizes=\"(max-width: 732px) 100vw, 732px\" class='avia_image '  aria-label='Leichtbaub\u00fchne mit dem Detail der stabilen Pfettenkonstruktion'><img decoding=\"async\" fetchpriority=\"high\" class='wp-image-19410 avia-img-lazy-loading-not-19410 avia_image ' src=\"https:\/\/galler.de\/wp-content\/uploads\/2021\/09\/lagerbuehnen-04-1.jpg\" alt='Leichtbaub\u00fchne mit dem Detail der stabilen Pfettenkonstruktion' title='Leichtbaub\u00fchne mit dem Detail der stabilen Pfettenkonstruktion'  height=\"1189\" width=\"845\"  itemprop=\"thumbnailUrl\" srcset=\"https:\/\/galler.de\/wp-content\/uploads\/2021\/09\/lagerbuehnen-04-1.jpg 845w, https:\/\/galler.de\/wp-content\/uploads\/2021\/09\/lagerbuehnen-04-1-213x300.jpg 213w, https:\/\/galler.de\/wp-content\/uploads\/2021\/09\/lagerbuehnen-04-1-732x1030.jpg 732w, https:\/\/galler.de\/wp-content\/uploads\/2021\/09\/lagerbuehnen-04-1-768x1081.jpg 768w, https:\/\/galler.de\/wp-content\/uploads\/2021\/09\/lagerbuehnen-04-1-501x705.jpg 501w\" sizes=\"(max-width: 845px) 100vw, 845px\" \/><\/a><\/div><\/div><\/div><br \/>\n\n<style type=\"text\/css\" data-created_by=\"avia_inline_auto\" id=\"style-css-av-kte4sdbg-7f4bb9c92a58319a1201d98ebdb615fc\">\n#top .av_textblock_section.av-kte4sdbg-7f4bb9c92a58319a1201d98ebdb615fc .avia_textblock{\nfont-size:14px;\n}\n<\/style>\n<section  class='av_textblock_section av-kte4sdbg-7f4bb9c92a58319a1201d98ebdb615fc '   itemscope=\"itemscope\" itemtype=\"https:\/\/schema.org\/CreativeWork\" ><div class='avia_textblock'  itemprop=\"text\" ><p>Stable purlin construction with Sigma steel sections<\/p>\n<\/div><\/section><\/p><\/div>\n\n<style type=\"text\/css\" data-created_by=\"avia_inline_auto\" id=\"style-css-av-x1cdpu-f5df96dd3563586b8253e82971a5cf0f\">\n.flex_column.av-x1cdpu-f5df96dd3563586b8253e82971a5cf0f{\nborder-radius:0px 0px 0px 0px;\npadding:0px 0px 0px 0px;\n}\n<\/style>\n<div  class='flex_column av-x1cdpu-f5df96dd3563586b8253e82971a5cf0f av_one_third flex_column_div av-zero-column-padding  '     ><p>\n<style type=\"text\/css\" data-created_by=\"avia_inline_auto\" id=\"style-css-av-kte4kd2y-f73f8994afb9570aeb84e6051dd471b4\">\n.avia-image-container.av-kte4kd2y-f73f8994afb9570aeb84e6051dd471b4 img.avia_image{\nbox-shadow:none;\n}\n.avia-image-container.av-kte4kd2y-f73f8994afb9570aeb84e6051dd471b4 .av-image-caption-overlay-center{\ncolor:#ffffff;\n}\n<\/style>\n<div  class='avia-image-container av-kte4kd2y-f73f8994afb9570aeb84e6051dd471b4 av-styling- av-img-linked avia-align-center'   itemprop=\"image\" itemscope=\"itemscope\" itemtype=\"https:\/\/schema.org\/ImageObject\" ><div class=\"avia-image-container-inner\"><div class=\"avia-image-overlay-wrap\"><a href=\"https:\/\/galler.de\/wp-content\/uploads\/2021\/09\/lagerbuehnen-02-732x1030.jpg\" data-srcset=\"https:\/\/galler.de\/wp-content\/uploads\/2021\/09\/lagerbuehnen-02-732x1030.jpg 732w, https:\/\/galler.de\/wp-content\/uploads\/2021\/09\/lagerbuehnen-02-213x300.jpg 213w, https:\/\/galler.de\/wp-content\/uploads\/2021\/09\/lagerbuehnen-02-768x1081.jpg 768w, https:\/\/galler.de\/wp-content\/uploads\/2021\/09\/lagerbuehnen-02-501x705.jpg 501w, https:\/\/galler.de\/wp-content\/uploads\/2021\/09\/lagerbuehnen-02.jpg 845w\" data-sizes=\"(max-width: 732px) 100vw, 732px\" class='avia_image '  aria-label='Leichtbaub\u00fchne mit dem Detail Eck-Gel\u00e4nder'><img decoding=\"async\" fetchpriority=\"high\" class='wp-image-19394 avia-img-lazy-loading-not-19394 avia_image ' src=\"https:\/\/galler.de\/wp-content\/uploads\/2021\/09\/lagerbuehnen-02.jpg\" alt='Leichtbaub\u00fchne mit dem Detail Eck-Gel\u00e4nder' title='Leichtbaub\u00fchne mit dem Detail Eck-Gel\u00e4nder'  height=\"1189\" width=\"845\"  itemprop=\"thumbnailUrl\" srcset=\"https:\/\/galler.de\/wp-content\/uploads\/2021\/09\/lagerbuehnen-02.jpg 845w, https:\/\/galler.de\/wp-content\/uploads\/2021\/09\/lagerbuehnen-02-213x300.jpg 213w, https:\/\/galler.de\/wp-content\/uploads\/2021\/09\/lagerbuehnen-02-732x1030.jpg 732w, https:\/\/galler.de\/wp-content\/uploads\/2021\/09\/lagerbuehnen-02-768x1081.jpg 768w, https:\/\/galler.de\/wp-content\/uploads\/2021\/09\/lagerbuehnen-02-501x705.jpg 501w\" sizes=\"(max-width: 845px) 100vw, 845px\" \/><\/a><\/div><\/div><\/div><br \/>\n\n<style type=\"text\/css\" data-created_by=\"avia_inline_auto\" id=\"style-css-av-kte4r8bc-b507cd0de1962c417fabd91cc34840a4\">\n#top .av_textblock_section.av-kte4r8bc-b507cd0de1962c417fabd91cc34840a4 .avia_textblock{\nfont-size:14px;\n}\n<\/style>\n<section  class='av_textblock_section av-kte4r8bc-b507cd0de1962c417fabd91cc34840a4 '   itemscope=\"itemscope\" itemtype=\"https:\/\/schema.org\/CreativeWork\" ><div class='avia_textblock'  itemprop=\"text\" ><p>Railing provides the necessary safety \u2013 right into the corners.<\/p>\n<\/div><\/section><\/p><\/div>\n\n<style type=\"text\/css\" data-created_by=\"avia_inline_auto\" id=\"style-css-av-txstj6-75d2407e63b437a3c102304170fd0b58\">\n.flex_column.av-txstj6-75d2407e63b437a3c102304170fd0b58{\nborder-radius:0px 0px 0px 0px;\npadding:0px 0px 0px 0px;\n}\n<\/style>\n<div  class='flex_column av-txstj6-75d2407e63b437a3c102304170fd0b58 av_one_third flex_column_div av-zero-column-padding  '     ><p>\n<style type=\"text\/css\" data-created_by=\"avia_inline_auto\" id=\"style-css-av-kte4kvig-63d74cef107945d0ee171d4851778895\">\n.avia-image-container.av-kte4kvig-63d74cef107945d0ee171d4851778895 img.avia_image{\nbox-shadow:none;\n}\n.avia-image-container.av-kte4kvig-63d74cef107945d0ee171d4851778895 .av-image-caption-overlay-center{\ncolor:#ffffff;\n}\n<\/style>\n<div  class='avia-image-container av-kte4kvig-63d74cef107945d0ee171d4851778895 av-styling- av-img-linked avia-align-center'   itemprop=\"image\" itemscope=\"itemscope\" itemtype=\"https:\/\/schema.org\/ImageObject\" ><div class=\"avia-image-container-inner\"><div class=\"avia-image-overlay-wrap\"><a href=\"https:\/\/galler.de\/wp-content\/uploads\/2021\/09\/lagerbuehnen-03-1-732x1030.jpg\" data-srcset=\"https:\/\/galler.de\/wp-content\/uploads\/2021\/09\/lagerbuehnen-03-1-732x1030.jpg 732w, https:\/\/galler.de\/wp-content\/uploads\/2021\/09\/lagerbuehnen-03-1-213x300.jpg 213w, https:\/\/galler.de\/wp-content\/uploads\/2021\/09\/lagerbuehnen-03-1-768x1081.jpg 768w, https:\/\/galler.de\/wp-content\/uploads\/2021\/09\/lagerbuehnen-03-1-501x705.jpg 501w, https:\/\/galler.de\/wp-content\/uploads\/2021\/09\/lagerbuehnen-03-1.jpg 845w\" data-sizes=\"(max-width: 732px) 100vw, 732px\" class='avia_image '  aria-label='Leichtbaub\u00fchne mit einer Sicherheitsschleuse f\u00fcr die Paletten\u00fcbergabe'><img decoding=\"async\" fetchpriority=\"high\" class='wp-image-19402 avia-img-lazy-loading-not-19402 avia_image ' src=\"https:\/\/galler.de\/wp-content\/uploads\/2021\/09\/lagerbuehnen-03-1.jpg\" alt='Leichtbaub\u00fchne mit einer Sicherheitsschleuse f\u00fcr die Paletten\u00fcbergabe' title='Leichtbaub\u00fchne mit einer Sicherheitsschleuse f\u00fcr die Paletten\u00fcbergabe'  height=\"1189\" width=\"845\"  itemprop=\"thumbnailUrl\" srcset=\"https:\/\/galler.de\/wp-content\/uploads\/2021\/09\/lagerbuehnen-03-1.jpg 845w, https:\/\/galler.de\/wp-content\/uploads\/2021\/09\/lagerbuehnen-03-1-213x300.jpg 213w, https:\/\/galler.de\/wp-content\/uploads\/2021\/09\/lagerbuehnen-03-1-732x1030.jpg 732w, https:\/\/galler.de\/wp-content\/uploads\/2021\/09\/lagerbuehnen-03-1-768x1081.jpg 768w, https:\/\/galler.de\/wp-content\/uploads\/2021\/09\/lagerbuehnen-03-1-501x705.jpg 501w\" sizes=\"(max-width: 845px) 100vw, 845px\" \/><\/a><\/div><\/div><\/div><br \/>\n\n<style type=\"text\/css\" data-created_by=\"avia_inline_auto\" id=\"style-css-av-kte4rryz-d3b2b0f29b95ce778b83b6ea4499ce1c\">\n#top .av_textblock_section.av-kte4rryz-d3b2b0f29b95ce778b83b6ea4499ce1c .avia_textblock{\nfont-size:14px;\n}\n<\/style>\n<section  class='av_textblock_section av-kte4rryz-d3b2b0f29b95ce778b83b6ea4499ce1c '   itemscope=\"itemscope\" itemtype=\"https:\/\/schema.org\/CreativeWork\" ><div class='avia_textblock'  itemprop=\"text\" ><p>Pallet locks provide maximum protection against falling at transfer stations<\/p>\n<\/div><\/section><\/p><\/div>\n\n<style type=\"text\/css\" data-created_by=\"avia_inline_auto\" id=\"style-css-av-l1oyx0f0-ab5001f7c2e7f297234c77ab598db223\">\n.flex_column.av-l1oyx0f0-ab5001f7c2e7f297234c77ab598db223{\nborder-radius:0px 0px 0px 0px;\npadding:0px 0px 0px 0px;\n}\n<\/style>\n<div  class='flex_column av-l1oyx0f0-ab5001f7c2e7f297234c77ab598db223 av_one_third  galler-btn-col galler-btn-col_full-width first flex_column_div av-zero-column-padding  '     ><div  class='avia-button-wrap av-kvqk01hc-d695bdb7a1ac1c3d08d5a2359beb60de-wrap avia-button-left  galler-btn-large'>\n<style type=\"text\/css\" data-created_by=\"avia_inline_auto\" id=\"style-css-av-kvqk01hc-d695bdb7a1ac1c3d08d5a2359beb60de\">\n#top #wrap_all .avia-button.av-kvqk01hc-d695bdb7a1ac1c3d08d5a2359beb60de{\nbackground-color:#0069b4;\nborder-color:#0069b4;\ncolor:#ffffff;\nborder-style:none;\nborder-radius:3px 3px 3px 3px;\nbox-shadow: 0px 0px 10px 0px #bbbbbb;\ntransition:all 0.4s ease-in-out;\n}\n#top #wrap_all .avia-button.av-kvqk01hc-d695bdb7a1ac1c3d08d5a2359beb60de:hover{\nbackground-color:#004a7f;\ncolor:#ffffff;\ntransition:all 0.4s ease-in-out;\n}\n#top #wrap_all.avia-button.av-kvqk01hc-d695bdb7a1ac1c3d08d5a2359beb60de:hover .avia_button_background{\nborder-radius:3px 3px 3px 3px;\n}\n#top #wrap_all .avia-button.av-kvqk01hc-d695bdb7a1ac1c3d08d5a2359beb60de .avia-svg-icon svg:first-child{\nfill:#ffffff;\nstroke:#ffffff;\n}\n#top #wrap_all .avia-button.av-kvqk01hc-d695bdb7a1ac1c3d08d5a2359beb60de:hover .avia-svg-icon svg:first-child{\nfill:#ffffff;\nstroke:#ffffff;\n}\n<\/style>\n<a href='http:\/\/www.582060525957.hostingkunde.de\/en\/home\/products\/supplementary-storage-systems\/mezzanine-floor\/'  class='avia-button av-kvqk01hc-d695bdb7a1ac1c3d08d5a2359beb60de av-link-btn avia-icon_select-yes-left-icon avia-size-large avia-position-left'   aria-label=\"Mezzanine floor\"><span class='avia_button_icon avia_button_icon_left avia-iconfont avia-font-entypo-fontello' data-av_icon='\ue832' data-av_iconfont='entypo-fontello' ><\/span><span class='avia_iconbox_title' >Mezzanine floor<\/span><\/a><\/div><\/div>\n","protected":false},"excerpt":{"rendered":"","protected":false},"author":5,"featured_media":0,"parent":24177,"menu_order":9,"comment_status":"closed","ping_status":"closed","template":"","meta":{"footnotes":""},"class_list":["post-24472","page","type-page","status-publish","hentry"],"yoast_head":"<!-- This site is optimized with the Yoast SEO plugin v27.5 - https:\/\/yoast.com\/product\/yoast-seo-wordpress\/ -->\n<title>Parts, accessories, standard components - Galler<\/title>\n<meta name=\"robots\" content=\"index, follow, max-snippet:-1, max-image-preview:large, max-video-preview:-1\" \/>\n<link rel=\"canonical\" href=\"https:\/\/galler.de\/en\/home\/products\/supplementary-storage-systems\/mezzanine-floor\/parts-accessories-standard-components\/\" \/>\n<meta property=\"og:locale\" content=\"en_US\" \/>\n<meta property=\"og:type\" content=\"article\" \/>\n<meta property=\"og:title\" content=\"Parts, accessories, standard components - Galler\" \/>\n<meta property=\"og:url\" content=\"https:\/\/galler.de\/en\/home\/products\/supplementary-storage-systems\/mezzanine-floor\/parts-accessories-standard-components\/\" \/>\n<meta property=\"og:site_name\" content=\"Galler\" \/>\n<meta property=\"article:modified_time\" content=\"2022-05-25T08:00:04+00:00\" \/>\n<meta name=\"twitter:card\" content=\"summary_large_image\" \/>\n<meta name=\"twitter:label1\" content=\"Est. reading time\" \/>\n\t<meta name=\"twitter:data1\" content=\"11 minutes\" \/>\n<script type=\"application\/ld+json\" class=\"yoast-schema-graph\">{\"@context\":\"https:\\\/\\\/schema.org\",\"@graph\":[{\"@type\":\"WebPage\",\"@id\":\"https:\\\/\\\/galler.de\\\/en\\\/home\\\/products\\\/supplementary-storage-systems\\\/mezzanine-floor\\\/parts-accessories-standard-components\\\/\",\"url\":\"https:\\\/\\\/galler.de\\\/en\\\/home\\\/products\\\/supplementary-storage-systems\\\/mezzanine-floor\\\/parts-accessories-standard-components\\\/\",\"name\":\"Parts, accessories, standard components - Galler\",\"isPartOf\":{\"@id\":\"https:\\\/\\\/galler.de\\\/en\\\/#website\"},\"datePublished\":\"2021-10-29T08:32:31+00:00\",\"dateModified\":\"2022-05-25T08:00:04+00:00\",\"breadcrumb\":{\"@id\":\"https:\\\/\\\/galler.de\\\/en\\\/home\\\/products\\\/supplementary-storage-systems\\\/mezzanine-floor\\\/parts-accessories-standard-components\\\/#breadcrumb\"},\"inLanguage\":\"en-US\",\"potentialAction\":[{\"@type\":\"ReadAction\",\"target\":[\"https:\\\/\\\/galler.de\\\/en\\\/home\\\/products\\\/supplementary-storage-systems\\\/mezzanine-floor\\\/parts-accessories-standard-components\\\/\"]}]},{\"@type\":\"BreadcrumbList\",\"@id\":\"https:\\\/\\\/galler.de\\\/en\\\/home\\\/products\\\/supplementary-storage-systems\\\/mezzanine-floor\\\/parts-accessories-standard-components\\\/#breadcrumb\",\"itemListElement\":[{\"@type\":\"ListItem\",\"position\":1,\"name\":\"Startseite\",\"item\":\"https:\\\/\\\/galler.de\\\/en\\\/\"},{\"@type\":\"ListItem\",\"position\":2,\"name\":\"Home\",\"item\":\"https:\\\/\\\/galler.de\\\/en\\\/\"},{\"@type\":\"ListItem\",\"position\":3,\"name\":\"Products\",\"item\":\"https:\\\/\\\/galler.de\\\/en\\\/home\\\/products\\\/\"},{\"@type\":\"ListItem\",\"position\":4,\"name\":\"Supplementary Storage Systems\",\"item\":\"https:\\\/\\\/galler.de\\\/en\\\/home\\\/products\\\/supplementary-storage-systems\\\/\"},{\"@type\":\"ListItem\",\"position\":5,\"name\":\"Mezzanine floor\",\"item\":\"https:\\\/\\\/galler.de\\\/en\\\/home\\\/products\\\/supplementary-storage-systems\\\/mezzanine-floor\\\/\"},{\"@type\":\"ListItem\",\"position\":6,\"name\":\"Parts, accessories, standard components\"}]},{\"@type\":\"WebSite\",\"@id\":\"https:\\\/\\\/galler.de\\\/en\\\/#website\",\"url\":\"https:\\\/\\\/galler.de\\\/en\\\/\",\"name\":\"Galler\",\"description\":\"Galler Lager und Regaltechnik\",\"publisher\":{\"@id\":\"https:\\\/\\\/galler.de\\\/en\\\/#organization\"},\"potentialAction\":[{\"@type\":\"SearchAction\",\"target\":{\"@type\":\"EntryPoint\",\"urlTemplate\":\"https:\\\/\\\/galler.de\\\/en\\\/?s={search_term_string}\"},\"query-input\":{\"@type\":\"PropertyValueSpecification\",\"valueRequired\":true,\"valueName\":\"search_term_string\"}}],\"inLanguage\":\"en-US\"},{\"@type\":\"Organization\",\"@id\":\"https:\\\/\\\/galler.de\\\/en\\\/#organization\",\"name\":\"Galler\",\"url\":\"https:\\\/\\\/galler.de\\\/en\\\/\",\"logo\":{\"@type\":\"ImageObject\",\"inLanguage\":\"en-US\",\"@id\":\"https:\\\/\\\/galler.de\\\/en\\\/#\\\/schema\\\/logo\\\/image\\\/\",\"url\":\"https:\\\/\\\/galler.de\\\/wp-content\\\/uploads\\\/2021\\\/07\\\/logo_galler.png\",\"contentUrl\":\"https:\\\/\\\/galler.de\\\/wp-content\\\/uploads\\\/2021\\\/07\\\/logo_galler.png\",\"width\":320,\"height\":77,\"caption\":\"Galler\"},\"image\":{\"@id\":\"https:\\\/\\\/galler.de\\\/en\\\/#\\\/schema\\\/logo\\\/image\\\/\"},\"sameAs\":[\"https:\\\/\\\/www.linkedin.com\\\/company\\\/galler-lager\\\/\"]}]}<\/script>\n<!-- \/ Yoast SEO plugin. -->","yoast_head_json":{"title":"Parts, accessories, standard components - Galler","robots":{"index":"index","follow":"follow","max-snippet":"max-snippet:-1","max-image-preview":"max-image-preview:large","max-video-preview":"max-video-preview:-1"},"canonical":"https:\/\/galler.de\/en\/home\/products\/supplementary-storage-systems\/mezzanine-floor\/parts-accessories-standard-components\/","og_locale":"en_US","og_type":"article","og_title":"Parts, accessories, standard components - Galler","og_url":"https:\/\/galler.de\/en\/home\/products\/supplementary-storage-systems\/mezzanine-floor\/parts-accessories-standard-components\/","og_site_name":"Galler","article_modified_time":"2022-05-25T08:00:04+00:00","twitter_card":"summary_large_image","twitter_misc":{"Est. reading time":"11 minutes"},"schema":{"@context":"https:\/\/schema.org","@graph":[{"@type":"WebPage","@id":"https:\/\/galler.de\/en\/home\/products\/supplementary-storage-systems\/mezzanine-floor\/parts-accessories-standard-components\/","url":"https:\/\/galler.de\/en\/home\/products\/supplementary-storage-systems\/mezzanine-floor\/parts-accessories-standard-components\/","name":"Parts, accessories, standard components - Galler","isPartOf":{"@id":"https:\/\/galler.de\/en\/#website"},"datePublished":"2021-10-29T08:32:31+00:00","dateModified":"2022-05-25T08:00:04+00:00","breadcrumb":{"@id":"https:\/\/galler.de\/en\/home\/products\/supplementary-storage-systems\/mezzanine-floor\/parts-accessories-standard-components\/#breadcrumb"},"inLanguage":"en-US","potentialAction":[{"@type":"ReadAction","target":["https:\/\/galler.de\/en\/home\/products\/supplementary-storage-systems\/mezzanine-floor\/parts-accessories-standard-components\/"]}]},{"@type":"BreadcrumbList","@id":"https:\/\/galler.de\/en\/home\/products\/supplementary-storage-systems\/mezzanine-floor\/parts-accessories-standard-components\/#breadcrumb","itemListElement":[{"@type":"ListItem","position":1,"name":"Startseite","item":"https:\/\/galler.de\/en\/"},{"@type":"ListItem","position":2,"name":"Home","item":"https:\/\/galler.de\/en\/"},{"@type":"ListItem","position":3,"name":"Products","item":"https:\/\/galler.de\/en\/home\/products\/"},{"@type":"ListItem","position":4,"name":"Supplementary Storage Systems","item":"https:\/\/galler.de\/en\/home\/products\/supplementary-storage-systems\/"},{"@type":"ListItem","position":5,"name":"Mezzanine floor","item":"https:\/\/galler.de\/en\/home\/products\/supplementary-storage-systems\/mezzanine-floor\/"},{"@type":"ListItem","position":6,"name":"Parts, accessories, standard components"}]},{"@type":"WebSite","@id":"https:\/\/galler.de\/en\/#website","url":"https:\/\/galler.de\/en\/","name":"Galler","description":"Galler Lager und Regaltechnik","publisher":{"@id":"https:\/\/galler.de\/en\/#organization"},"potentialAction":[{"@type":"SearchAction","target":{"@type":"EntryPoint","urlTemplate":"https:\/\/galler.de\/en\/?s={search_term_string}"},"query-input":{"@type":"PropertyValueSpecification","valueRequired":true,"valueName":"search_term_string"}}],"inLanguage":"en-US"},{"@type":"Organization","@id":"https:\/\/galler.de\/en\/#organization","name":"Galler","url":"https:\/\/galler.de\/en\/","logo":{"@type":"ImageObject","inLanguage":"en-US","@id":"https:\/\/galler.de\/en\/#\/schema\/logo\/image\/","url":"https:\/\/galler.de\/wp-content\/uploads\/2021\/07\/logo_galler.png","contentUrl":"https:\/\/galler.de\/wp-content\/uploads\/2021\/07\/logo_galler.png","width":320,"height":77,"caption":"Galler"},"image":{"@id":"https:\/\/galler.de\/en\/#\/schema\/logo\/image\/"},"sameAs":["https:\/\/www.linkedin.com\/company\/galler-lager\/"]}]}},"_links":{"self":[{"href":"https:\/\/galler.de\/en\/wp-json\/wp\/v2\/pages\/24472","targetHints":{"allow":["GET"]}}],"collection":[{"href":"https:\/\/galler.de\/en\/wp-json\/wp\/v2\/pages"}],"about":[{"href":"https:\/\/galler.de\/en\/wp-json\/wp\/v2\/types\/page"}],"author":[{"embeddable":true,"href":"https:\/\/galler.de\/en\/wp-json\/wp\/v2\/users\/5"}],"replies":[{"embeddable":true,"href":"https:\/\/galler.de\/en\/wp-json\/wp\/v2\/comments?post=24472"}],"version-history":[{"count":0,"href":"https:\/\/galler.de\/en\/wp-json\/wp\/v2\/pages\/24472\/revisions"}],"up":[{"embeddable":true,"href":"https:\/\/galler.de\/en\/wp-json\/wp\/v2\/pages\/24177"}],"wp:attachment":[{"href":"https:\/\/galler.de\/en\/wp-json\/wp\/v2\/media?parent=24472"}],"curies":[{"name":"wp","href":"https:\/\/api.w.org\/{rel}","templated":true}]}}