{"id":23237,"date":"2021-08-18T12:44:07","date_gmt":"2021-08-18T10:44:07","guid":{"rendered":"http:\/\/www.582060525957.hostingkunde.de\/legal-notice\/"},"modified":"2026-02-25T08:38:09","modified_gmt":"2026-02-25T07:38:09","slug":"legal-notice","status":"publish","type":"page","link":"https:\/\/galler.de\/en\/legal-notice\/","title":{"rendered":"Legal notice"},"content":{"rendered":"\n<style type=\"text\/css\" data-created_by=\"avia_inline_auto\" id=\"style-css-av-kshfa1jf-e9edc30ceaf59d865d2403f90d065fc5\">\n#top .av-special-heading.av-kshfa1jf-e9edc30ceaf59d865d2403f90d065fc5{\nmargin:0 0 24px 0;\npadding-bottom:10px;\n}\nbody .av-special-heading.av-kshfa1jf-e9edc30ceaf59d865d2403f90d065fc5 .av-special-heading-tag .heading-char{\nfont-size:25px;\n}\n.av-special-heading.av-kshfa1jf-e9edc30ceaf59d865d2403f90d065fc5 .av-subheading{\nfont-size:15px;\n}\n<\/style>\n<div  class='av-special-heading av-kshfa1jf-e9edc30ceaf59d865d2403f90d065fc5 av-special-heading-h1 blockquote modern-quote'><h1 class='av-special-heading-tag '  itemprop=\"headline\"  >Legal notice<\/h1><div class=\"special-heading-border\"><div class=\"special-heading-inner-border\"><\/div><\/div><\/div>\n\n<style type=\"text\/css\" data-created_by=\"avia_inline_auto\" id=\"style-css-av-kshfagy8-37b4e45869cc1be7c0bbd46032c0b7f4\">\n#top .av-special-heading.av-kshfagy8-37b4e45869cc1be7c0bbd46032c0b7f4{\nmargin:28px 0 0 0;\npadding-bottom:10px;\n}\nbody .av-special-heading.av-kshfagy8-37b4e45869cc1be7c0bbd46032c0b7f4 .av-special-heading-tag .heading-char{\nfont-size:25px;\n}\n.av-special-heading.av-kshfagy8-37b4e45869cc1be7c0bbd46032c0b7f4 .av-subheading{\nfont-size:15px;\n}\n<\/style>\n<div  class='av-special-heading av-kshfagy8-37b4e45869cc1be7c0bbd46032c0b7f4 av-special-heading-h2 blockquote modern-quote'><h2 class='av-special-heading-tag '  itemprop=\"headline\"  >Details in compliance with \u00a7 5 TMG:<\/h2><div class=\"special-heading-border\"><div class=\"special-heading-inner-border\"><\/div><\/div><\/div>\n<section  class='av_textblock_section av-kshfc8n8-abeae6b4d1a50ad73d168cd2f0bb3e98 '   itemscope=\"itemscope\" itemtype=\"https:\/\/schema.org\/CreativeWork\" ><div class='avia_textblock'  itemprop=\"text\" ><p>GALLER Lager- und Regaltechnik GmbH<br \/>\nRobert Galler Str. 1<br \/>\nD-95326 Kulmbach<\/p>\n<\/div><\/section>\n\n<style type=\"text\/css\" data-created_by=\"avia_inline_auto\" id=\"style-css-av-kshfcuow-c49c9ed06a9d9da9f3c9456ba3b6f2fb\">\n#top .av-special-heading.av-kshfcuow-c49c9ed06a9d9da9f3c9456ba3b6f2fb{\nmargin:28px 0 0 0;\npadding-bottom:10px;\n}\nbody .av-special-heading.av-kshfcuow-c49c9ed06a9d9da9f3c9456ba3b6f2fb .av-special-heading-tag .heading-char{\nfont-size:25px;\n}\n.av-special-heading.av-kshfcuow-c49c9ed06a9d9da9f3c9456ba3b6f2fb .av-subheading{\nfont-size:15px;\n}\n<\/style>\n<div  class='av-special-heading av-kshfcuow-c49c9ed06a9d9da9f3c9456ba3b6f2fb av-special-heading-h3 blockquote modern-quote'><h3 class='av-special-heading-tag '  itemprop=\"headline\"  >Represented by:<\/h3><div class=\"special-heading-border\"><div class=\"special-heading-inner-border\"><\/div><\/div><\/div>\n<section  class='av_textblock_section av-kshfd9h1-8a4853bffaa1138d29182be794a6e900 '   itemscope=\"itemscope\" itemtype=\"https:\/\/schema.org\/CreativeWork\" ><div class='avia_textblock'  itemprop=\"text\" ><p>GALLER Lager- und Regaltechnik GmbH, Managing Directors Dr Andreas H\u00f6lscher, Dr Thomas Kie\u00dfling, J\u00fcrgen Keller<\/p>\n<\/div><\/section>\n\n<style type=\"text\/css\" data-created_by=\"avia_inline_auto\" id=\"style-css-av-kshfatzl-1d0d314d853d72c035022d5c335474a5\">\n#top .av-special-heading.av-kshfatzl-1d0d314d853d72c035022d5c335474a5{\nmargin:28px 0 0 0;\npadding-bottom:10px;\n}\nbody .av-special-heading.av-kshfatzl-1d0d314d853d72c035022d5c335474a5 .av-special-heading-tag .heading-char{\nfont-size:25px;\n}\n.av-special-heading.av-kshfatzl-1d0d314d853d72c035022d5c335474a5 .av-subheading{\nfont-size:15px;\n}\n<\/style>\n<div  class='av-special-heading av-kshfatzl-1d0d314d853d72c035022d5c335474a5 av-special-heading-h2 blockquote modern-quote'><h2 class='av-special-heading-tag '  itemprop=\"headline\"  >Contact:<\/h2><div class=\"special-heading-border\"><div class=\"special-heading-inner-border\"><\/div><\/div><\/div>\n<section  class='av_textblock_section av-kshfdodf-bb7ac5a679088f0a7bae4a7500189f31 '   itemscope=\"itemscope\" itemtype=\"https:\/\/schema.org\/CreativeWork\" ><div class='avia_textblock'  itemprop=\"text\" ><p>Tel.: +49 (0) 9221-700-0<br \/>\nFax: +49 (0) 9221-700-149<br \/>\ne-mail: <a href=\"mailto:info@galler.de\">info<code class=\"encoded\"><\/code>galler.de<\/a><\/p>\n<\/div><\/section>\n\n<style type=\"text\/css\" data-created_by=\"avia_inline_auto\" id=\"style-css-av-kshfb55s-e6d8918da4be415de63a925def1ac74b\">\n#top .av-special-heading.av-kshfb55s-e6d8918da4be415de63a925def1ac74b{\nmargin:28px 0 0 0;\npadding-bottom:10px;\n}\nbody .av-special-heading.av-kshfb55s-e6d8918da4be415de63a925def1ac74b .av-special-heading-tag .heading-char{\nfont-size:25px;\n}\n.av-special-heading.av-kshfb55s-e6d8918da4be415de63a925def1ac74b .av-subheading{\nfont-size:15px;\n}\n<\/style>\n<div  class='av-special-heading av-kshfb55s-e6d8918da4be415de63a925def1ac74b av-special-heading-h2 blockquote modern-quote'><h2 class='av-special-heading-tag '  itemprop=\"headline\"  >Commercial register entry:<\/h2><div class=\"special-heading-border\"><div class=\"special-heading-inner-border\"><\/div><\/div><\/div>\n<section  class='av_textblock_section av-kshfein3-9f4968bcde1f9687e03e2dbe9e771545 '   itemscope=\"itemscope\" itemtype=\"https:\/\/schema.org\/CreativeWork\" ><div class='avia_textblock'  itemprop=\"text\" ><p>Entry in commercial register.<br \/>\nRegistration court: Local Court Bayreuth<br \/>\nRegistration number: HRB 4043<\/p>\n<\/div><\/section>\n\n<style type=\"text\/css\" data-created_by=\"avia_inline_auto\" id=\"style-css-av-kshff1wv-a16ea3728fae08078b538eedef4cfa87\">\n#top .av-special-heading.av-kshff1wv-a16ea3728fae08078b538eedef4cfa87{\nmargin:28px 0 0 0;\npadding-bottom:10px;\n}\nbody .av-special-heading.av-kshff1wv-a16ea3728fae08078b538eedef4cfa87 .av-special-heading-tag .heading-char{\nfont-size:25px;\n}\n.av-special-heading.av-kshff1wv-a16ea3728fae08078b538eedef4cfa87 .av-subheading{\nfont-size:15px;\n}\n<\/style>\n<div  class='av-special-heading av-kshff1wv-a16ea3728fae08078b538eedef4cfa87 av-special-heading-h2 blockquote modern-quote'><h2 class='av-special-heading-tag '  itemprop=\"headline\"  >VAT<\/h2><div class=\"special-heading-border\"><div class=\"special-heading-inner-border\"><\/div><\/div><\/div>\n<section  class='av_textblock_section av-kshffebl-2867de1a407641ad64d69b17611210b9 '   itemscope=\"itemscope\" itemtype=\"https:\/\/schema.org\/CreativeWork\" ><div class='avia_textblock'  itemprop=\"text\" ><p>VAT ID number pursuant to \u00a727(a) UStG<br \/>\nDE 814168236<\/p>\n<\/div><\/section>\n\n<style type=\"text\/css\" data-created_by=\"avia_inline_auto\" id=\"style-css-av-kshfbgi0-4dbd99ee6b11c3a1871d46f333c17734\">\n#top .av-special-heading.av-kshfbgi0-4dbd99ee6b11c3a1871d46f333c17734{\nmargin:28px 0 0 0;\npadding-bottom:10px;\n}\nbody .av-special-heading.av-kshfbgi0-4dbd99ee6b11c3a1871d46f333c17734 .av-special-heading-tag .heading-char{\nfont-size:25px;\n}\n.av-special-heading.av-kshfbgi0-4dbd99ee6b11c3a1871d46f333c17734 .av-subheading{\nfont-size:15px;\n}\n<\/style>\n<div  class='av-special-heading av-kshfbgi0-4dbd99ee6b11c3a1871d46f333c17734 av-special-heading-h2 blockquote modern-quote'><h2 class='av-special-heading-tag '  itemprop=\"headline\"  >Dispute resolution<\/h2><div class=\"special-heading-border\"><div class=\"special-heading-inner-border\"><\/div><\/div><\/div>\n<section  class='av_textblock_section av-kshffslj-d0077635246695e54cb19c532e4fbda3 '   itemscope=\"itemscope\" itemtype=\"https:\/\/schema.org\/CreativeWork\" ><div class='avia_textblock'  itemprop=\"text\" ><p>The European Commission provides a platform for online dispute resolution: <a href=\"https:\/\/ec.europa.eu\/consumers\/odr\" target=\"_blank\" rel=\"noopener\">https:\/\/ec.europa.eu\/consumers\/odr<\/a>.<br \/>\nOur e-mail address is included in the legal notice above.<\/p>\n<p>We are not prepared or obligated to participate in dispute resolution procedures before a consumer conciliation body.<\/p>\n<\/div><\/section>\n","protected":false},"excerpt":{"rendered":"","protected":false},"author":5,"featured_media":0,"parent":0,"menu_order":0,"comment_status":"closed","ping_status":"closed","template":"","meta":{"footnotes":""},"class_list":["post-23237","page","type-page","status-publish","hentry"],"yoast_head":"<!-- This site is optimized with the Yoast SEO plugin v27.3 - https:\/\/yoast.com\/product\/yoast-seo-wordpress\/ -->\n<title>Legal notice - Galler<\/title>\n<meta name=\"robots\" content=\"index, follow, max-snippet:-1, max-image-preview:large, max-video-preview:-1\" \/>\n<link rel=\"canonical\" href=\"https:\/\/galler.de\/en\/legal-notice\/\" \/>\n<meta property=\"og:locale\" content=\"en_US\" \/>\n<meta property=\"og:type\" content=\"article\" \/>\n<meta property=\"og:title\" content=\"Legal notice - Galler\" \/>\n<meta property=\"og:url\" content=\"https:\/\/galler.de\/en\/legal-notice\/\" \/>\n<meta property=\"og:site_name\" content=\"Galler\" \/>\n<meta property=\"article:modified_time\" content=\"2026-02-25T07:38:09+00:00\" \/>\n<meta name=\"twitter:card\" content=\"summary_large_image\" \/>\n<meta name=\"twitter:label1\" content=\"Est. reading time\" \/>\n\t<meta name=\"twitter:data1\" content=\"1 minute\" \/>\n<script type=\"application\/ld+json\" class=\"yoast-schema-graph\">{\"@context\":\"https:\\\/\\\/schema.org\",\"@graph\":[{\"@type\":\"WebPage\",\"@id\":\"https:\\\/\\\/galler.de\\\/en\\\/legal-notice\\\/\",\"url\":\"https:\\\/\\\/galler.de\\\/en\\\/legal-notice\\\/\",\"name\":\"Legal notice - Galler\",\"isPartOf\":{\"@id\":\"https:\\\/\\\/galler.de\\\/en\\\/#website\"},\"datePublished\":\"2021-08-18T10:44:07+00:00\",\"dateModified\":\"2026-02-25T07:38:09+00:00\",\"breadcrumb\":{\"@id\":\"https:\\\/\\\/galler.de\\\/en\\\/legal-notice\\\/#breadcrumb\"},\"inLanguage\":\"en-US\",\"potentialAction\":[{\"@type\":\"ReadAction\",\"target\":[\"https:\\\/\\\/galler.de\\\/en\\\/legal-notice\\\/\"]}]},{\"@type\":\"BreadcrumbList\",\"@id\":\"https:\\\/\\\/galler.de\\\/en\\\/legal-notice\\\/#breadcrumb\",\"itemListElement\":[{\"@type\":\"ListItem\",\"position\":1,\"name\":\"Startseite\",\"item\":\"https:\\\/\\\/galler.de\\\/en\\\/\"},{\"@type\":\"ListItem\",\"position\":2,\"name\":\"Legal notice\"}]},{\"@type\":\"WebSite\",\"@id\":\"https:\\\/\\\/galler.de\\\/en\\\/#website\",\"url\":\"https:\\\/\\\/galler.de\\\/en\\\/\",\"name\":\"Galler\",\"description\":\"Galler Lager und Regaltechnik\",\"publisher\":{\"@id\":\"https:\\\/\\\/galler.de\\\/en\\\/#organization\"},\"potentialAction\":[{\"@type\":\"SearchAction\",\"target\":{\"@type\":\"EntryPoint\",\"urlTemplate\":\"https:\\\/\\\/galler.de\\\/en\\\/?s={search_term_string}\"},\"query-input\":{\"@type\":\"PropertyValueSpecification\",\"valueRequired\":true,\"valueName\":\"search_term_string\"}}],\"inLanguage\":\"en-US\"},{\"@type\":\"Organization\",\"@id\":\"https:\\\/\\\/galler.de\\\/en\\\/#organization\",\"name\":\"Galler\",\"url\":\"https:\\\/\\\/galler.de\\\/en\\\/\",\"logo\":{\"@type\":\"ImageObject\",\"inLanguage\":\"en-US\",\"@id\":\"https:\\\/\\\/galler.de\\\/en\\\/#\\\/schema\\\/logo\\\/image\\\/\",\"url\":\"https:\\\/\\\/galler.de\\\/wp-content\\\/uploads\\\/2021\\\/07\\\/logo_galler.png\",\"contentUrl\":\"https:\\\/\\\/galler.de\\\/wp-content\\\/uploads\\\/2021\\\/07\\\/logo_galler.png\",\"width\":320,\"height\":77,\"caption\":\"Galler\"},\"image\":{\"@id\":\"https:\\\/\\\/galler.de\\\/en\\\/#\\\/schema\\\/logo\\\/image\\\/\"},\"sameAs\":[\"https:\\\/\\\/www.linkedin.com\\\/company\\\/galler-lager\\\/\"]}]}<\/script>\n<!-- \/ Yoast SEO plugin. -->","yoast_head_json":{"title":"Legal notice - Galler","robots":{"index":"index","follow":"follow","max-snippet":"max-snippet:-1","max-image-preview":"max-image-preview:large","max-video-preview":"max-video-preview:-1"},"canonical":"https:\/\/galler.de\/en\/legal-notice\/","og_locale":"en_US","og_type":"article","og_title":"Legal notice - Galler","og_url":"https:\/\/galler.de\/en\/legal-notice\/","og_site_name":"Galler","article_modified_time":"2026-02-25T07:38:09+00:00","twitter_card":"summary_large_image","twitter_misc":{"Est. reading time":"1 minute"},"schema":{"@context":"https:\/\/schema.org","@graph":[{"@type":"WebPage","@id":"https:\/\/galler.de\/en\/legal-notice\/","url":"https:\/\/galler.de\/en\/legal-notice\/","name":"Legal notice - Galler","isPartOf":{"@id":"https:\/\/galler.de\/en\/#website"},"datePublished":"2021-08-18T10:44:07+00:00","dateModified":"2026-02-25T07:38:09+00:00","breadcrumb":{"@id":"https:\/\/galler.de\/en\/legal-notice\/#breadcrumb"},"inLanguage":"en-US","potentialAction":[{"@type":"ReadAction","target":["https:\/\/galler.de\/en\/legal-notice\/"]}]},{"@type":"BreadcrumbList","@id":"https:\/\/galler.de\/en\/legal-notice\/#breadcrumb","itemListElement":[{"@type":"ListItem","position":1,"name":"Startseite","item":"https:\/\/galler.de\/en\/"},{"@type":"ListItem","position":2,"name":"Legal notice"}]},{"@type":"WebSite","@id":"https:\/\/galler.de\/en\/#website","url":"https:\/\/galler.de\/en\/","name":"Galler","description":"Galler Lager und Regaltechnik","publisher":{"@id":"https:\/\/galler.de\/en\/#organization"},"potentialAction":[{"@type":"SearchAction","target":{"@type":"EntryPoint","urlTemplate":"https:\/\/galler.de\/en\/?s={search_term_string}"},"query-input":{"@type":"PropertyValueSpecification","valueRequired":true,"valueName":"search_term_string"}}],"inLanguage":"en-US"},{"@type":"Organization","@id":"https:\/\/galler.de\/en\/#organization","name":"Galler","url":"https:\/\/galler.de\/en\/","logo":{"@type":"ImageObject","inLanguage":"en-US","@id":"https:\/\/galler.de\/en\/#\/schema\/logo\/image\/","url":"https:\/\/galler.de\/wp-content\/uploads\/2021\/07\/logo_galler.png","contentUrl":"https:\/\/galler.de\/wp-content\/uploads\/2021\/07\/logo_galler.png","width":320,"height":77,"caption":"Galler"},"image":{"@id":"https:\/\/galler.de\/en\/#\/schema\/logo\/image\/"},"sameAs":["https:\/\/www.linkedin.com\/company\/galler-lager\/"]}]}},"_links":{"self":[{"href":"https:\/\/galler.de\/en\/wp-json\/wp\/v2\/pages\/23237","targetHints":{"allow":["GET"]}}],"collection":[{"href":"https:\/\/galler.de\/en\/wp-json\/wp\/v2\/pages"}],"about":[{"href":"https:\/\/galler.de\/en\/wp-json\/wp\/v2\/types\/page"}],"author":[{"embeddable":true,"href":"https:\/\/galler.de\/en\/wp-json\/wp\/v2\/users\/5"}],"replies":[{"embeddable":true,"href":"https:\/\/galler.de\/en\/wp-json\/wp\/v2\/comments?post=23237"}],"version-history":[{"count":2,"href":"https:\/\/galler.de\/en\/wp-json\/wp\/v2\/pages\/23237\/revisions"}],"predecessor-version":[{"id":37010,"href":"https:\/\/galler.de\/en\/wp-json\/wp\/v2\/pages\/23237\/revisions\/37010"}],"wp:attachment":[{"href":"https:\/\/galler.de\/en\/wp-json\/wp\/v2\/media?parent=23237"}],"curies":[{"name":"wp","href":"https:\/\/api.w.org\/{rel}","templated":true}]}}